{"id":344,"date":"2023-02-09T13:48:27","date_gmt":"2023-02-09T13:48:27","guid":{"rendered":"https:\/\/biafish.hu\/?page_id=344"},"modified":"2023-02-14T10:51:02","modified_gmt":"2023-02-14T10:51:02","slug":"rolunk","status":"publish","type":"page","link":"https:\/\/biafish.hu\/de\/rolunk\/","title":{"rendered":"\u00dcber uns"},"content":{"rendered":"<div data-elementor-type=\"wp-page\" data-elementor-id=\"344\" class=\"elementor elementor-344\" data-elementor-post-type=\"page\">\n\t\t\t\t\t\t<section class=\"elementor-section elementor-top-section elementor-element elementor-element-7557016 elementor-section-boxed elementor-section-height-default elementor-section-height-default\" data-id=\"7557016\" data-element_type=\"section\" data-e-type=\"section\" data-settings=\"{&quot;background_background&quot;:&quot;classic&quot;}\">\n\t\t\t\t\t\t<div class=\"elementor-container elementor-column-gap-default\">\n\t\t\t\t\t<div class=\"elementor-column elementor-col-100 elementor-top-column elementor-element elementor-element-39298d0\" data-id=\"39298d0\" data-element_type=\"column\" data-e-type=\"column\">\n\t\t\t<div class=\"elementor-widget-wrap elementor-element-populated\">\n\t\t\t\t\t\t<div class=\"elementor-element elementor-element-df6b7f1 elementor-widget elementor-widget-heading\" data-id=\"df6b7f1\" data-element_type=\"widget\" data-e-type=\"widget\" data-widget_type=\"heading.default\">\n\t\t\t\t<div class=\"elementor-widget-container\">\n\t\t\t\t\t<h2 class=\"elementor-heading-title elementor-size-xxl\">\u00dcber uns<\/h2>\t\t\t\t<\/div>\n\t\t\t\t<\/div>\n\t\t\t\t\t<\/div>\n\t\t<\/div>\n\t\t\t\t\t<\/div>\n\t\t<\/section>\n\t\t\t\t<section class=\"elementor-section elementor-top-section elementor-element elementor-element-84e4986 elementor-section-boxed elementor-section-height-default elementor-section-height-default\" data-id=\"84e4986\" data-element_type=\"section\" data-e-type=\"section\">\n\t\t\t\t\t\t<div class=\"elementor-container elementor-column-gap-default\">\n\t\t\t\t\t<div class=\"elementor-column elementor-col-100 elementor-top-column elementor-element elementor-element-93520bc\" data-id=\"93520bc\" data-element_type=\"column\" data-e-type=\"column\">\n\t\t\t<div class=\"elementor-widget-wrap elementor-element-populated\">\n\t\t\t\t\t\t<div class=\"elementor-element elementor-element-2461318 elementor-widget elementor-widget-text-editor\" data-id=\"2461318\" data-element_type=\"widget\" data-e-type=\"widget\" data-settings=\"{&quot;_animation&quot;:&quot;none&quot;}\" data-widget_type=\"text-editor.default\">\n\t\t\t\t<div class=\"elementor-widget-container\">\n\t\t\t\t\t\t\t\t\t<p><strong><em>Firmengeschichte:<\/em><\/strong><\/p>\n<p class=\"translation-block\">Nach der Privatisierung der TEHAG Kft. (Temper\u00e1ltviz\u0171 Halszapor\u00edt\u00f3 Gazdas\u00e1g) \u2013 als deren Nachfolger \u2013 im Jahr 2009 begann unser Unternehmen seine Aktivit\u00e4ten in den Fischteichen von Biatorb\u00e1gy unter dem Namen BIA-TEHAG Kft. Seit 2022 firmiert unser Unternehmen weiterhin unter dem Namen Biafish Kft. Derzeit betreiben wir S\u00fc\u00dfwasserfischzucht auf einer Fl\u00e4che von mehr als 150 Hektar. Die Hauptfischarten in unseren Seen sind Karpfen, Zander, Hecht, Graskarpfen und Karausche,aber wir z\u00fcchten auch Silberkarpfen, Brachsen, Schleie, Wels und St\u00f6rarten nach Kundenwunsch.<\/p>\n<p><strong><em>Produktionsmethode:<\/em><\/strong><\/p>\n<p>Bei der Produktion versuchen wir, den nat\u00fcrlichen Ertrag der Seen mit Polykulturpopulation (wir z\u00fcchten mehrere Fischarten gemeinsam) so weit wie m\u00f6glich zu nutzen, wir verf\u00fcttern unsere Fische mit Weizen und Triticale als Zusatzfutter. Neben den g\u00fcnstigen Umwelteigenschaften unserer Seen sind die geringe Fischdichte und die einwandfreie Qualit\u00e4t des Abrak-Futters ein Garant f\u00fcr gesundes, fettarmes Fleisch und schmackhaften Bia-Fisch.<\/p>\n<p><strong><em>Unsere Zielgruppe:<\/em><\/strong><\/p>\n<p>Der Gro\u00dfteil der Ernte wird an Angelteiche verkauft, aber auch Fischh\u00e4ndler und Fischl\u00e4den w\u00e4hlen uns in der Weihnachtszeit oft als Lieferanten.<\/p>\n<p><strong><em>Gr\u00f6\u00dfe der Zuchtfische:<\/em><\/strong><\/p>\n<p>Neben der Produktion marktgro\u00dfer dreij\u00e4hriger Fische z\u00fcchten und verkaufen wir auch ein- und zweij\u00e4hrige Fische und halten auch Exemplare von Karpfen und Graskarpfen mit einem Gewicht von mehr als 10 kg. Der Zweck der Produktion von ein- und zweij\u00e4hrigen Fischen besteht in erster Linie darin, den eigenen Bedarf zu decken, den \u00dcberschuss verkaufen wir an andere Produzenten.<\/p>\n<p><strong><em>J\u00e4hrlicher Zyklus der Fischproduktion:<\/em><\/strong><\/p>\n<p>Die Fischproduktion beginnt mit der Fischeinsetzung nach der winterlichen Bef\u00fcllung der Teiche. Mit der Fr\u00fchlingserw\u00e4rmung nimmt die Menge an Plankton dramatisch zu, die als hervorragende Nahrung f\u00fcr die im Winter geschw\u00e4chte Fischpopulation dienen. Ende April beginnen wir mit der Zuf\u00fctterung, die bis Mitte Oktober dauert. Normalerweise erreichen die Fische bis Juli die Gr\u00f6\u00dfe, die wiederbesetzt werden kann. In solchen F\u00e4llen lassen wir das Wasser nicht aus den Seen ab, sondern gew\u00f6hnen den Bestand mit K\u00f6derf\u00fctterung an den geeigneten Sommerabfischungsplatz\n und f\u00fchren auf diese Weise eine Ausd\u00fcnnungsfischerei durch. Im Netz werden in der Regel nur Karpfen und Graskarpfen gefangen, die zu den im Sommer entleerten Angelteichen transportiert werden. Im Herbst verlangsamt sich der Stoffwechsel der Fische. Zu diesem Zeitpunkt h\u00f6ren wir mit der F\u00fctterung auf und beginnen mit der Entw\u00e4sserung der Teiche. Ab Beginn der Angelsaison im Herbst steht den Kunden das gesamte Sortiment zur Verf\u00fcgung, 80 % davon werden im November-Dezember verkauft. Im Fr\u00fchjahr verkaufen wir die Restbest\u00e4nde an Marktfischen, dann fischen wir die ein- und zweij\u00e4hrige Fische und fangen dann wieder von vorne an...<\/p>\n<p>Wie ein altes Sprichwort sagt: \u201eDas Sch\u00f6ne am Fischzucht ist, dass man jedes Jahr von vorne beginnen kann.\u201c<\/p>\t\t\t\t\t\t\t\t<\/div>\n\t\t\t\t<\/div>\n\t\t\t\t<div class=\"elementor-element elementor-element-10b4084 elementor-button-danger elementor-align-left elementor-widget elementor-widget-button\" data-id=\"10b4084\" data-element_type=\"widget\" data-e-type=\"widget\" data-settings=\"{&quot;_animation&quot;:&quot;none&quot;}\" data-widget_type=\"button.default\">\n\t\t\t\t<div class=\"elementor-widget-container\">\n\t\t\t\t\t\t\t\t\t<div class=\"elementor-button-wrapper\">\n\t\t\t\t\t<a class=\"elementor-button elementor-button-link elementor-size-md\" href=\"https:\/\/biafish.hu\/de\/mult-es-jelen\/\">\n\t\t\t\t\t\t<span class=\"elementor-button-content-wrapper\">\n\t\t\t\t\t\t\t\t\t<span class=\"elementor-button-text\">Weiter: \u201eVergangenheit und Gegenwart\u201c<\/span>\n\t\t\t\t\t<\/span>\n\t\t\t\t\t<\/a>\n\t\t\t\t<\/div>\n\t\t\t\t\t\t\t\t<\/div>\n\t\t\t\t<\/div>\n\t\t\t\t\t<\/div>\n\t\t<\/div>\n\t\t\t\t\t<\/div>\n\t\t<\/section>\n\t\t\t\t<section class=\"elementor-section elementor-top-section elementor-element elementor-element-60ae84a1 elementor-section-boxed elementor-section-height-default elementor-section-height-default\" data-id=\"60ae84a1\" data-element_type=\"section\" data-e-type=\"section\">\n\t\t\t\t\t\t<div class=\"elementor-container elementor-column-gap-default\">\n\t\t\t\t\t\t<\/div>\n\t\t<\/section>\n\t\t\t\t<section class=\"elementor-section elementor-top-section elementor-element elementor-element-b583018 elementor-section-boxed elementor-section-height-default elementor-section-height-default\" data-id=\"b583018\" data-element_type=\"section\" data-e-type=\"section\">\n\t\t\t\t\t\t<div class=\"elementor-container elementor-column-gap-default\">\n\t\t\t\t\t\t<\/div>\n\t\t<\/section>\n\t\t\t\t<\/div>","protected":false},"excerpt":{"rendered":"<p>R\u00f3lunk C\u00e9gt\u00f6rt\u00e9net: C\u00e9g\u00fcnk a TEHAG Kft. (Temper\u00e1ltviz\u0171 Halszapor\u00edt\u00f3 Gazdas\u00e1g) privatiz\u00e1ci\u00f3ja ut\u00e1n \u2013 annak ut\u00f3djak\u00e9nt \u2013 2009-ben kezdte meg tev\u00e9kenys\u00e9g\u00e9t a biatorb\u00e1gyi halastavakon BIA-TEHAG Kft. n\u00e9ven. V\u00e1llalkoz\u00e1sunk 2022.06.20. \u00f3ta Biafish Kft. n\u00e9ven m\u0171k\u00f6dik tov\u00e1bb. Jelenleg t\u00f6bb mint 150 hekt\u00e1r ter\u00fcleten folytatunk \u00e9desv\u00edzi halgazd\u00e1lkod\u00e1st. Tavaink f\u0151 halfaja a ponty, s\u00fcll\u0151, csuka, amur \u00e9s k\u00e1r\u00e1sz, de a vev\u0151i [&hellip;]<\/p>\n","protected":false},"author":1,"featured_media":0,"parent":0,"menu_order":0,"comment_status":"closed","ping_status":"closed","template":"","meta":{"footnotes":""},"class_list":["post-344","page","type-page","status-publish","hentry"],"yoast_head":"<!-- This site is optimized with the Yoast SEO Premium plugin v26.2 (Yoast SEO v27.3) - https:\/\/yoast.com\/product\/yoast-seo-premium-wordpress\/ -->\n<title>R\u00f3lunk -<\/title>\n<meta name=\"robots\" content=\"index, follow, max-snippet:-1, max-image-preview:large, max-video-preview:-1\" \/>\n<link rel=\"canonical\" href=\"https:\/\/biafish.hu\/de\/rolunk\/\" \/>\n<meta property=\"og:locale\" content=\"de_DE\" \/>\n<meta property=\"og:type\" content=\"article\" \/>\n<meta property=\"og:title\" content=\"R\u00f3lunk\" \/>\n<meta property=\"og:description\" content=\"R\u00f3lunk C\u00e9gt\u00f6rt\u00e9net: C\u00e9g\u00fcnk a TEHAG Kft. (Temper\u00e1ltviz\u0171 Halszapor\u00edt\u00f3 Gazdas\u00e1g) privatiz\u00e1ci\u00f3ja ut\u00e1n \u2013 annak ut\u00f3djak\u00e9nt \u2013 2009-ben kezdte meg tev\u00e9kenys\u00e9g\u00e9t a biatorb\u00e1gyi halastavakon BIA-TEHAG Kft. n\u00e9ven. V\u00e1llalkoz\u00e1sunk 2022.06.20. \u00f3ta Biafish Kft. n\u00e9ven m\u0171k\u00f6dik tov\u00e1bb. Jelenleg t\u00f6bb mint 150 hekt\u00e1r ter\u00fcleten folytatunk \u00e9desv\u00edzi halgazd\u00e1lkod\u00e1st. Tavaink f\u0151 halfaja a ponty, s\u00fcll\u0151, csuka, amur \u00e9s k\u00e1r\u00e1sz, de a vev\u0151i [&hellip;]\" \/>\n<meta property=\"og:url\" content=\"https:\/\/biafish.hu\/de\/rolunk\/\" \/>\n<meta property=\"article:modified_time\" content=\"2023-02-14T10:51:02+00:00\" \/>\n<meta name=\"twitter:card\" content=\"summary_large_image\" \/>\n<meta name=\"twitter:label1\" content=\"Gesch\u00e4tzte Lesezeit\" \/>\n\t<meta name=\"twitter:data1\" content=\"2\u00a0Minuten\" \/>\n<script type=\"application\/ld+json\" class=\"yoast-schema-graph\">{\"@context\":\"https:\\\/\\\/schema.org\",\"@graph\":[{\"@type\":\"WebPage\",\"@id\":\"https:\\\/\\\/biafish.hu\\\/rolunk\\\/\",\"url\":\"https:\\\/\\\/biafish.hu\\\/rolunk\\\/\",\"name\":\"R\u00f3lunk -\",\"isPartOf\":{\"@id\":\"https:\\\/\\\/biafish.hu\\\/#website\"},\"datePublished\":\"2023-02-09T13:48:27+00:00\",\"dateModified\":\"2023-02-14T10:51:02+00:00\",\"breadcrumb\":{\"@id\":\"https:\\\/\\\/biafish.hu\\\/rolunk\\\/#breadcrumb\"},\"inLanguage\":\"de\",\"potentialAction\":[{\"@type\":\"ReadAction\",\"target\":[\"https:\\\/\\\/biafish.hu\\\/rolunk\\\/\"]}]},{\"@type\":\"BreadcrumbList\",\"@id\":\"https:\\\/\\\/biafish.hu\\\/rolunk\\\/#breadcrumb\",\"itemListElement\":[{\"@type\":\"ListItem\",\"position\":1,\"name\":\"Home\",\"item\":\"https:\\\/\\\/biafish.hu\\\/\"},{\"@type\":\"ListItem\",\"position\":2,\"name\":\"R\u00f3lunk\"}]},{\"@type\":\"WebSite\",\"@id\":\"https:\\\/\\\/biafish.hu\\\/#website\",\"url\":\"https:\\\/\\\/biafish.hu\\\/\",\"name\":\"\",\"description\":\"\",\"potentialAction\":[{\"@type\":\"SearchAction\",\"target\":{\"@type\":\"EntryPoint\",\"urlTemplate\":\"https:\\\/\\\/biafish.hu\\\/?s={search_term_string}\"},\"query-input\":{\"@type\":\"PropertyValueSpecification\",\"valueRequired\":true,\"valueName\":\"search_term_string\"}}],\"inLanguage\":\"de\"}]}<\/script>\n<!-- \/ Yoast SEO Premium plugin. -->","yoast_head_json":{"title":"R\u00f3lunk -","robots":{"index":"index","follow":"follow","max-snippet":"max-snippet:-1","max-image-preview":"max-image-preview:large","max-video-preview":"max-video-preview:-1"},"canonical":"https:\/\/biafish.hu\/de\/rolunk\/","og_locale":"de_DE","og_type":"article","og_title":"R\u00f3lunk","og_description":"R\u00f3lunk C\u00e9gt\u00f6rt\u00e9net: C\u00e9g\u00fcnk a TEHAG Kft. (Temper\u00e1ltviz\u0171 Halszapor\u00edt\u00f3 Gazdas\u00e1g) privatiz\u00e1ci\u00f3ja ut\u00e1n \u2013 annak ut\u00f3djak\u00e9nt \u2013 2009-ben kezdte meg tev\u00e9kenys\u00e9g\u00e9t a biatorb\u00e1gyi halastavakon BIA-TEHAG Kft. n\u00e9ven. V\u00e1llalkoz\u00e1sunk 2022.06.20. \u00f3ta Biafish Kft. n\u00e9ven m\u0171k\u00f6dik tov\u00e1bb. Jelenleg t\u00f6bb mint 150 hekt\u00e1r ter\u00fcleten folytatunk \u00e9desv\u00edzi halgazd\u00e1lkod\u00e1st. Tavaink f\u0151 halfaja a ponty, s\u00fcll\u0151, csuka, amur \u00e9s k\u00e1r\u00e1sz, de a vev\u0151i [&hellip;]","og_url":"https:\/\/biafish.hu\/de\/rolunk\/","article_modified_time":"2023-02-14T10:51:02+00:00","twitter_card":"summary_large_image","twitter_misc":{"Gesch\u00e4tzte Lesezeit":"2\u00a0Minuten"},"schema":{"@context":"https:\/\/schema.org","@graph":[{"@type":"WebPage","@id":"https:\/\/biafish.hu\/rolunk\/","url":"https:\/\/biafish.hu\/rolunk\/","name":"R\u00f3lunk -","isPartOf":{"@id":"https:\/\/biafish.hu\/#website"},"datePublished":"2023-02-09T13:48:27+00:00","dateModified":"2023-02-14T10:51:02+00:00","breadcrumb":{"@id":"https:\/\/biafish.hu\/rolunk\/#breadcrumb"},"inLanguage":"de","potentialAction":[{"@type":"ReadAction","target":["https:\/\/biafish.hu\/rolunk\/"]}]},{"@type":"BreadcrumbList","@id":"https:\/\/biafish.hu\/rolunk\/#breadcrumb","itemListElement":[{"@type":"ListItem","position":1,"name":"Home","item":"https:\/\/biafish.hu\/"},{"@type":"ListItem","position":2,"name":"R\u00f3lunk"}]},{"@type":"WebSite","@id":"https:\/\/biafish.hu\/#website","url":"https:\/\/biafish.hu\/","name":"","description":"","potentialAction":[{"@type":"SearchAction","target":{"@type":"EntryPoint","urlTemplate":"https:\/\/biafish.hu\/?s={search_term_string}"},"query-input":{"@type":"PropertyValueSpecification","valueRequired":true,"valueName":"search_term_string"}}],"inLanguage":"de"}]}},"_links":{"self":[{"href":"https:\/\/biafish.hu\/de\/wp-json\/wp\/v2\/pages\/344","targetHints":{"allow":["GET"]}}],"collection":[{"href":"https:\/\/biafish.hu\/de\/wp-json\/wp\/v2\/pages"}],"about":[{"href":"https:\/\/biafish.hu\/de\/wp-json\/wp\/v2\/types\/page"}],"author":[{"embeddable":true,"href":"https:\/\/biafish.hu\/de\/wp-json\/wp\/v2\/users\/1"}],"replies":[{"embeddable":true,"href":"https:\/\/biafish.hu\/de\/wp-json\/wp\/v2\/comments?post=344"}],"version-history":[{"count":0,"href":"https:\/\/biafish.hu\/de\/wp-json\/wp\/v2\/pages\/344\/revisions"}],"wp:attachment":[{"href":"https:\/\/biafish.hu\/de\/wp-json\/wp\/v2\/media?parent=344"}],"curies":[{"name":"wp","href":"https:\/\/api.w.org\/{rel}","templated":true}]}}