{"id":366,"date":"2023-02-09T14:06:56","date_gmt":"2023-02-09T14:06:56","guid":{"rendered":"https:\/\/biafish.hu\/?page_id=366"},"modified":"2023-02-14T10:54:01","modified_gmt":"2023-02-14T10:54:01","slug":"mult-es-jelen","status":"publish","type":"page","link":"https:\/\/biafish.hu\/de\/mult-es-jelen\/","title":{"rendered":"Vergangenheit und Gegenwart"},"content":{"rendered":"<div data-elementor-type=\"wp-page\" data-elementor-id=\"366\" class=\"elementor elementor-366\" data-elementor-post-type=\"page\">\n\t\t\t\t\t\t<section class=\"elementor-section elementor-top-section elementor-element elementor-element-d0767a4 elementor-section-boxed elementor-section-height-default elementor-section-height-default\" data-id=\"d0767a4\" data-element_type=\"section\" data-e-type=\"section\" data-settings=\"{&quot;background_background&quot;:&quot;classic&quot;}\">\n\t\t\t\t\t\t<div class=\"elementor-container elementor-column-gap-default\">\n\t\t\t\t\t<div class=\"elementor-column elementor-col-100 elementor-top-column elementor-element elementor-element-ad72183\" data-id=\"ad72183\" data-element_type=\"column\" data-e-type=\"column\">\n\t\t\t<div class=\"elementor-widget-wrap elementor-element-populated\">\n\t\t\t\t\t\t<div class=\"elementor-element elementor-element-bf0ef78 elementor-widget elementor-widget-heading\" data-id=\"bf0ef78\" data-element_type=\"widget\" data-e-type=\"widget\" data-widget_type=\"heading.default\">\n\t\t\t\t<div class=\"elementor-widget-container\">\n\t\t\t\t\t<h2 class=\"elementor-heading-title elementor-size-xxl\">Die Geschichte der Biatorb\u00e1gyer Fischteiche<\/h2>\t\t\t\t<\/div>\n\t\t\t\t<\/div>\n\t\t\t\t\t<\/div>\n\t\t<\/div>\n\t\t\t\t\t<\/div>\n\t\t<\/section>\n\t\t\t\t<section class=\"elementor-section elementor-top-section elementor-element elementor-element-4734fab2 elementor-section-boxed elementor-section-height-default elementor-section-height-default\" data-id=\"4734fab2\" data-element_type=\"section\" data-e-type=\"section\" data-settings=\"{&quot;background_background&quot;:&quot;classic&quot;}\">\n\t\t\t\t\t\t<div class=\"elementor-container elementor-column-gap-no\">\n\t\t\t\t\t<div class=\"elementor-column elementor-col-100 elementor-top-column elementor-element elementor-element-3b1a1c68\" data-id=\"3b1a1c68\" data-element_type=\"column\" data-e-type=\"column\">\n\t\t\t<div class=\"elementor-widget-wrap elementor-element-populated\">\n\t\t\t\t\t\t<section class=\"elementor-section elementor-inner-section elementor-element elementor-element-6a453a07 elementor-section-full_width elementor-section-content-middle elementor-section-height-default elementor-section-height-default\" data-id=\"6a453a07\" data-element_type=\"section\" data-e-type=\"section\">\n\t\t\t\t\t\t<div class=\"elementor-container elementor-column-gap-no\">\n\t\t\t\t\t<div class=\"elementor-column elementor-col-100 elementor-inner-column elementor-element elementor-element-aac20e9\" data-id=\"aac20e9\" data-element_type=\"column\" data-e-type=\"column\" data-settings=\"{&quot;background_background&quot;:&quot;classic&quot;}\">\n\t\t\t<div class=\"elementor-widget-wrap elementor-element-populated\">\n\t\t\t\t\t\t<div class=\"elementor-element elementor-element-7b0a7dc2 elementor-widget elementor-widget-text-editor\" data-id=\"7b0a7dc2\" data-element_type=\"widget\" data-e-type=\"widget\" data-settings=\"{&quot;_animation&quot;:&quot;none&quot;}\" data-widget_type=\"text-editor.default\">\n\t\t\t\t<div class=\"elementor-widget-container\">\n\t\t\t\t\t\t\t\t\t<p><strong>Mittelalter:<\/strong><\/p><p>Der Biatorb\u00e1gyer Fischteich hat eine mehr als 1000-j\u00e4hrige Geschichte. Der See wird zum ersten Mal in einer Urkunde aus dem Jahr 1192 erw\u00e4hnt, die damals den Namen \u201eSceledtou\u201c, also Szel\u00edd-See, trug. Den Karten zufolge befand sich der See mit einer kleineren Fl\u00e4che als heute neben dem Dorf.<\/p><p><strong>Neues Zeitalter:<\/strong><\/p><p>Der See diente im 18. Jahrhundert als Fischteich, wurde aber aufgrund der Wasserregulierung und Verschlammung im 19. Jahrhundert als Weideland genutzt. Durch die so ausgetrocknete Wiese f\u00fchrten zwei Kan\u00e4le, die K\u00edgy\u00f3s- und B\u00e9k\u00e1s-B\u00e4che genannt wurden und noch heute die Fischfarm versorgen.<\/p><p><strong>XX. Jahrhundert<\/strong><\/p><p>Nach dem Ersten Weltkrieg staute die 1922 gegr\u00fcndete Halbizom\u00e1nyi \u00e9s Hal\u00e9rt\u00e9kes\u00edt\u0151 Rt. das Tal an der Stelle des bereits trockengelegten Bia-Sees auf und legte wieder einen k\u00fcnstlichen Fischteich an.<\/p><p>Im Jahr 1945, nach den Verstaatlichungen, \u00fcbernahm die Tatai Halgazdas\u00e1g (Tataer Fish Farm) und ab 1968 die Tatai \u00c1llami Gazdas\u00e1g (Tataer Staatliche Fish Farm) die Bewirtschaftung der Wasser- und Fischzucht.<\/p><p>In den 1970er Jahren folgten erneut Baggerungen und Umorganisierungen. Durch die kontinuierliche Aufstauung vergr\u00f6\u00dferte sich der See um fast 54 Hektar und wurde so zur gr\u00f6\u00dften Stillwasserfischfarm im Zs\u00e1mb\u00e9ki-Becken. Damals entstanden die heutigen D\u00e4mme und Schleusensysteme, die die heutige Wassermasse in 5 Teile teilen (- es entstanden die heutigen Seen 1, 2, 3, 4 und 5). Die Fischteiche wurden im Jahr 1990 Eigentum der TEHAG in Sz\u00e1hahalombatta.<\/p><p class=\"translation-block\">Nach der Aufl\u00f6sung der TEHAG verwaltet die BIA-TEHAG Kft. seit Juni 2022 unter dem neuen Namen BIAFISH Kft. die Seeeinheit, mit Ausnahme des oberen Sees Nummer vier. Der obere (27 Hektar gro\u00dfe) See, bekannt als Arizona Carp Lake, bietet Erholungsm\u00f6glichkeiten f\u00fcr diejenigen, die gro\u00dfe Fische angeln m\u00f6chten.<\/p><p>BIAFISH Kft. ist im Besitz einer Fischz\u00fcchterfamilie in zweiter Generation, was eine Garantie daf\u00fcr ist, dass auf den Seen in Zukunft eine umfangreiche Fischproduktion im Einklang mit der Natur stattfinden wird und der hier lebenden Fauna ein friedlicher Lebensraum geboten wird.<\/p><p>Quelle:<\/p><ul><li>biafutura.hu<\/li><li><a href=\"https:\/\/ertektar-biatorbagy.hu\/termeszeti-kornyezet\/halasto\/\">ertektar-biatorbagy.hu\/termeszeti-kornyezet\/halasto\/<\/a><\/li><\/ul>\t\t\t\t\t\t\t\t<\/div>\n\t\t\t\t<\/div>\n\t\t\t\t<div class=\"elementor-element elementor-element-a52d475 elementor-button-danger elementor-align-left elementor-widget elementor-widget-button\" data-id=\"a52d475\" data-element_type=\"widget\" data-e-type=\"widget\" data-settings=\"{&quot;_animation&quot;:&quot;none&quot;}\" data-widget_type=\"button.default\">\n\t\t\t\t<div class=\"elementor-widget-container\">\n\t\t\t\t\t\t\t\t\t<div class=\"elementor-button-wrapper\">\n\t\t\t\t\t<a class=\"elementor-button elementor-button-link elementor-size-md\" href=\"https:\/\/biafish.hu\/de\/halaink\/\">\n\t\t\t\t\t\t<span class=\"elementor-button-content-wrapper\">\n\t\t\t\t\t\t\t\t\t<span class=\"elementor-button-text\">Weiter zu den Fischarten<\/span>\n\t\t\t\t\t<\/span>\n\t\t\t\t\t<\/a>\n\t\t\t\t<\/div>\n\t\t\t\t\t\t\t\t<\/div>\n\t\t\t\t<\/div>\n\t\t\t\t\t<\/div>\n\t\t<\/div>\n\t\t\t\t\t<\/div>\n\t\t<\/section>\n\t\t\t\t\t<\/div>\n\t\t<\/div>\n\t\t\t\t\t<\/div>\n\t\t<\/section>\n\t\t\t\t<section class=\"elementor-section elementor-top-section elementor-element elementor-element-60ae84a1 elementor-section-boxed elementor-section-height-default elementor-section-height-default\" data-id=\"60ae84a1\" data-element_type=\"section\" data-e-type=\"section\">\n\t\t\t\t\t\t<div class=\"elementor-container elementor-column-gap-default\">\n\t\t\t\t\t\t<\/div>\n\t\t<\/section>\n\t\t\t\t<section class=\"elementor-section elementor-top-section elementor-element elementor-element-b583018 elementor-section-boxed elementor-section-height-default elementor-section-height-default\" data-id=\"b583018\" data-element_type=\"section\" data-e-type=\"section\">\n\t\t\t\t\t\t<div class=\"elementor-container elementor-column-gap-default\">\n\t\t\t\t\t\t<\/div>\n\t\t<\/section>\n\t\t\t\t<\/div>","protected":false},"excerpt":{"rendered":"<p>A biatorb\u00e1gyi halastavak t\u00f6rt\u00e9nete K\u00f6z\u00e9pkor: A Biai Halast\u00f3 m\u00e1r t\u00f6bb mint 1000 \u00e9ves m\u00faltra tekint vissza. A tavat egy 1192-ben dat\u00e1lt oklev\u00e9lben eml\u00edtik el\u0151sz\u00f6r, mely ekkor a \u201eSceledtou\u201d, azaz Szel\u00edd-t\u00f3 nevet viselte. A t\u00e9rk\u00e9pek alapj\u00e1n a falu mellett a main\u00e1l kisebb ter\u00fclet\u0171 t\u00f3 helyezkedett el. \u00dajkor: A t\u00f3 a 18. sz\u00e1zadban halast\u00f3k\u00e9nt m\u0171k\u00f6d\u00f6tt, de a [&hellip;]<\/p>\n","protected":false},"author":1,"featured_media":0,"parent":0,"menu_order":0,"comment_status":"closed","ping_status":"closed","template":"","meta":{"footnotes":""},"class_list":["post-366","page","type-page","status-publish","hentry"],"yoast_head":"<!-- This site is optimized with the Yoast SEO Premium plugin v26.2 (Yoast SEO v27.5) - https:\/\/yoast.com\/product\/yoast-seo-premium-wordpress\/ -->\n<title>M\u00falt \u00e9s jelen -<\/title>\n<meta name=\"robots\" content=\"index, follow, max-snippet:-1, max-image-preview:large, max-video-preview:-1\" \/>\n<link rel=\"canonical\" href=\"https:\/\/biafish.hu\/de\/mult-es-jelen\/\" \/>\n<meta property=\"og:locale\" content=\"de_DE\" \/>\n<meta property=\"og:type\" content=\"article\" \/>\n<meta property=\"og:title\" content=\"M\u00falt \u00e9s jelen\" \/>\n<meta property=\"og:description\" content=\"A biatorb\u00e1gyi halastavak t\u00f6rt\u00e9nete K\u00f6z\u00e9pkor: A Biai Halast\u00f3 m\u00e1r t\u00f6bb mint 1000 \u00e9ves m\u00faltra tekint vissza. A tavat egy 1192-ben dat\u00e1lt oklev\u00e9lben eml\u00edtik el\u0151sz\u00f6r, mely ekkor a \u201eSceledtou\u201d, azaz Szel\u00edd-t\u00f3 nevet viselte. A t\u00e9rk\u00e9pek alapj\u00e1n a falu mellett a main\u00e1l kisebb ter\u00fclet\u0171 t\u00f3 helyezkedett el. \u00dajkor: A t\u00f3 a 18. sz\u00e1zadban halast\u00f3k\u00e9nt m\u0171k\u00f6d\u00f6tt, de a [&hellip;]\" \/>\n<meta property=\"og:url\" content=\"https:\/\/biafish.hu\/de\/mult-es-jelen\/\" \/>\n<meta property=\"article:modified_time\" content=\"2023-02-14T10:54:01+00:00\" \/>\n<meta name=\"twitter:card\" content=\"summary_large_image\" \/>\n<meta name=\"twitter:label1\" content=\"Gesch\u00e4tzte Lesezeit\" \/>\n\t<meta name=\"twitter:data1\" content=\"2\u00a0Minuten\" \/>\n<script type=\"application\/ld+json\" class=\"yoast-schema-graph\">{\"@context\":\"https:\\\/\\\/schema.org\",\"@graph\":[{\"@type\":\"WebPage\",\"@id\":\"https:\\\/\\\/biafish.hu\\\/mult-es-jelen\\\/\",\"url\":\"https:\\\/\\\/biafish.hu\\\/mult-es-jelen\\\/\",\"name\":\"M\u00falt \u00e9s jelen -\",\"isPartOf\":{\"@id\":\"https:\\\/\\\/biafish.hu\\\/#website\"},\"datePublished\":\"2023-02-09T14:06:56+00:00\",\"dateModified\":\"2023-02-14T10:54:01+00:00\",\"breadcrumb\":{\"@id\":\"https:\\\/\\\/biafish.hu\\\/mult-es-jelen\\\/#breadcrumb\"},\"inLanguage\":\"de\",\"potentialAction\":[{\"@type\":\"ReadAction\",\"target\":[\"https:\\\/\\\/biafish.hu\\\/mult-es-jelen\\\/\"]}]},{\"@type\":\"BreadcrumbList\",\"@id\":\"https:\\\/\\\/biafish.hu\\\/mult-es-jelen\\\/#breadcrumb\",\"itemListElement\":[{\"@type\":\"ListItem\",\"position\":1,\"name\":\"Home\",\"item\":\"https:\\\/\\\/biafish.hu\\\/\"},{\"@type\":\"ListItem\",\"position\":2,\"name\":\"M\u00falt \u00e9s jelen\"}]},{\"@type\":\"WebSite\",\"@id\":\"https:\\\/\\\/biafish.hu\\\/#website\",\"url\":\"https:\\\/\\\/biafish.hu\\\/\",\"name\":\"\",\"description\":\"\",\"potentialAction\":[{\"@type\":\"SearchAction\",\"target\":{\"@type\":\"EntryPoint\",\"urlTemplate\":\"https:\\\/\\\/biafish.hu\\\/?s={search_term_string}\"},\"query-input\":{\"@type\":\"PropertyValueSpecification\",\"valueRequired\":true,\"valueName\":\"search_term_string\"}}],\"inLanguage\":\"de\"}]}<\/script>\n<!-- \/ Yoast SEO Premium plugin. -->","yoast_head_json":{"title":"M\u00falt \u00e9s jelen -","robots":{"index":"index","follow":"follow","max-snippet":"max-snippet:-1","max-image-preview":"max-image-preview:large","max-video-preview":"max-video-preview:-1"},"canonical":"https:\/\/biafish.hu\/de\/mult-es-jelen\/","og_locale":"de_DE","og_type":"article","og_title":"M\u00falt \u00e9s jelen","og_description":"A biatorb\u00e1gyi halastavak t\u00f6rt\u00e9nete K\u00f6z\u00e9pkor: A Biai Halast\u00f3 m\u00e1r t\u00f6bb mint 1000 \u00e9ves m\u00faltra tekint vissza. A tavat egy 1192-ben dat\u00e1lt oklev\u00e9lben eml\u00edtik el\u0151sz\u00f6r, mely ekkor a \u201eSceledtou\u201d, azaz Szel\u00edd-t\u00f3 nevet viselte. A t\u00e9rk\u00e9pek alapj\u00e1n a falu mellett a main\u00e1l kisebb ter\u00fclet\u0171 t\u00f3 helyezkedett el. \u00dajkor: A t\u00f3 a 18. sz\u00e1zadban halast\u00f3k\u00e9nt m\u0171k\u00f6d\u00f6tt, de a [&hellip;]","og_url":"https:\/\/biafish.hu\/de\/mult-es-jelen\/","article_modified_time":"2023-02-14T10:54:01+00:00","twitter_card":"summary_large_image","twitter_misc":{"Gesch\u00e4tzte Lesezeit":"2\u00a0Minuten"},"schema":{"@context":"https:\/\/schema.org","@graph":[{"@type":"WebPage","@id":"https:\/\/biafish.hu\/mult-es-jelen\/","url":"https:\/\/biafish.hu\/mult-es-jelen\/","name":"M\u00falt \u00e9s jelen -","isPartOf":{"@id":"https:\/\/biafish.hu\/#website"},"datePublished":"2023-02-09T14:06:56+00:00","dateModified":"2023-02-14T10:54:01+00:00","breadcrumb":{"@id":"https:\/\/biafish.hu\/mult-es-jelen\/#breadcrumb"},"inLanguage":"de","potentialAction":[{"@type":"ReadAction","target":["https:\/\/biafish.hu\/mult-es-jelen\/"]}]},{"@type":"BreadcrumbList","@id":"https:\/\/biafish.hu\/mult-es-jelen\/#breadcrumb","itemListElement":[{"@type":"ListItem","position":1,"name":"Home","item":"https:\/\/biafish.hu\/"},{"@type":"ListItem","position":2,"name":"M\u00falt \u00e9s jelen"}]},{"@type":"WebSite","@id":"https:\/\/biafish.hu\/#website","url":"https:\/\/biafish.hu\/","name":"","description":"","potentialAction":[{"@type":"SearchAction","target":{"@type":"EntryPoint","urlTemplate":"https:\/\/biafish.hu\/?s={search_term_string}"},"query-input":{"@type":"PropertyValueSpecification","valueRequired":true,"valueName":"search_term_string"}}],"inLanguage":"de"}]}},"_links":{"self":[{"href":"https:\/\/biafish.hu\/de\/wp-json\/wp\/v2\/pages\/366","targetHints":{"allow":["GET"]}}],"collection":[{"href":"https:\/\/biafish.hu\/de\/wp-json\/wp\/v2\/pages"}],"about":[{"href":"https:\/\/biafish.hu\/de\/wp-json\/wp\/v2\/types\/page"}],"author":[{"embeddable":true,"href":"https:\/\/biafish.hu\/de\/wp-json\/wp\/v2\/users\/1"}],"replies":[{"embeddable":true,"href":"https:\/\/biafish.hu\/de\/wp-json\/wp\/v2\/comments?post=366"}],"version-history":[{"count":0,"href":"https:\/\/biafish.hu\/de\/wp-json\/wp\/v2\/pages\/366\/revisions"}],"wp:attachment":[{"href":"https:\/\/biafish.hu\/de\/wp-json\/wp\/v2\/media?parent=366"}],"curies":[{"name":"wp","href":"https:\/\/api.w.org\/{rel}","templated":true}]}}