{"id":596,"date":"2023-10-18T10:50:39","date_gmt":"2023-10-18T10:50:39","guid":{"rendered":"https:\/\/biafish.hu\/?page_id=596"},"modified":"2025-04-05T19:06:28","modified_gmt":"2025-04-05T19:06:28","slug":"palyazatok","status":"publish","type":"page","link":"https:\/\/biafish.hu\/de\/palyazatok\/","title":{"rendered":"Ausschreibungen"},"content":{"rendered":"<div data-elementor-type=\"wp-page\" data-elementor-id=\"596\" class=\"elementor elementor-596\" data-elementor-post-type=\"page\">\n\t\t\t\t\t\t<section class=\"elementor-section elementor-top-section elementor-element elementor-element-d0767a4 elementor-section-boxed elementor-section-height-default elementor-section-height-default\" data-id=\"d0767a4\" data-element_type=\"section\" data-e-type=\"section\" data-settings=\"{&quot;background_background&quot;:&quot;classic&quot;}\">\n\t\t\t\t\t\t<div class=\"elementor-container elementor-column-gap-default\">\n\t\t\t\t\t<div class=\"elementor-column elementor-col-100 elementor-top-column elementor-element elementor-element-ad72183\" data-id=\"ad72183\" data-element_type=\"column\" data-e-type=\"column\">\n\t\t\t<div class=\"elementor-widget-wrap elementor-element-populated\">\n\t\t\t\t\t\t<div class=\"elementor-element elementor-element-bf0ef78 elementor-widget elementor-widget-heading\" data-id=\"bf0ef78\" data-element_type=\"widget\" data-e-type=\"widget\" data-widget_type=\"heading.default\">\n\t\t\t\t<div class=\"elementor-widget-container\">\n\t\t\t\t\t<h2 class=\"elementor-heading-title elementor-size-xxl\">Ausschreibungen<\/h2>\t\t\t\t<\/div>\n\t\t\t\t<\/div>\n\t\t\t\t\t<\/div>\n\t\t<\/div>\n\t\t\t\t\t<\/div>\n\t\t<\/section>\n\t\t\t\t<section class=\"elementor-section elementor-top-section elementor-element elementor-element-60ae84a1 elementor-section-boxed elementor-section-height-default elementor-section-height-default\" data-id=\"60ae84a1\" data-element_type=\"section\" data-e-type=\"section\">\n\t\t\t\t\t\t<div class=\"elementor-container elementor-column-gap-default\">\n\t\t\t\t\t\t<\/div>\n\t\t<\/section>\n\t\t\t\t<section class=\"elementor-section elementor-top-section elementor-element elementor-element-b583018 elementor-section-boxed elementor-section-height-default elementor-section-height-default\" data-id=\"b583018\" data-element_type=\"section\" data-e-type=\"section\">\n\t\t\t\t\t\t<div class=\"elementor-container elementor-column-gap-default\">\n\t\t\t\t\t\t<\/div>\n\t\t<\/section>\n\t\t<div class=\"elementor-element elementor-element-1297b9b e-flex e-con-boxed e-con e-parent\" data-id=\"1297b9b\" data-element_type=\"container\" data-e-type=\"container\">\n\t\t\t\t\t<div class=\"e-con-inner\">\n\t\t<div class=\"elementor-element elementor-element-c834dd4 e-flex e-con-boxed e-con e-child\" data-id=\"c834dd4\" data-element_type=\"container\" data-e-type=\"container\">\n\t\t\t\t\t<div class=\"e-con-inner\">\n\t\t<div class=\"elementor-element elementor-element-5f15173 e-con-full e-flex e-con e-child\" data-id=\"5f15173\" data-element_type=\"container\" data-e-type=\"container\">\n\t\t\t\t<div class=\"elementor-element elementor-element-0abb264 elementor-widget elementor-widget-text-editor\" data-id=\"0abb264\" data-element_type=\"widget\" data-e-type=\"widget\" data-widget_type=\"text-editor.default\">\n\t\t\t\t<div class=\"elementor-widget-container\">\n\t\t\t\t\t\t\t\t\t<h2>MAHOP-PLUSZ-2.3.1-24-2024-00043<\/h2>\t\t\t\t\t\t\t\t<\/div>\n\t\t\t\t<\/div>\n\t\t\t\t<\/div>\n\t\t<div class=\"elementor-element elementor-element-8b31d04 e-flex e-con-boxed e-con e-child\" data-id=\"8b31d04\" data-element_type=\"container\" data-e-type=\"container\">\n\t\t\t\t\t<div class=\"e-con-inner\">\n\t\t\t\t<div class=\"elementor-element elementor-element-3e63ba3 elementor-widget elementor-widget-image\" data-id=\"3e63ba3\" data-element_type=\"widget\" data-e-type=\"widget\" data-widget_type=\"image.default\">\n\t\t\t\t<div class=\"elementor-widget-container\">\n\t\t\t\t\t\t\t\t\t\t\t\t\t\t\t<img fetchpriority=\"high\" decoding=\"async\" width=\"300\" height=\"208\" src=\"https:\/\/biafish.hu\/wp-content\/uploads\/2023\/10\/EU-logo-honlapra-300x208.jpg\" class=\"attachment-medium size-medium wp-image-604\" alt=\"\" srcset=\"https:\/\/biafish.hu\/wp-content\/uploads\/2023\/10\/EU-logo-honlapra-300x208.jpg 300w, https:\/\/biafish.hu\/wp-content\/uploads\/2023\/10\/EU-logo-honlapra.jpg 640w\" sizes=\"(max-width: 300px) 100vw, 300px\" \/>\t\t\t\t\t\t\t\t\t\t\t\t\t\t\t<\/div>\n\t\t\t\t<\/div>\n\t\t\t\t\t<\/div>\n\t\t\t\t<\/div>\n\t\t\t\t\t<\/div>\n\t\t\t\t<\/div>\n\t\t\t\t<div class=\"elementor-element elementor-element-af8e399 elementor-widget elementor-widget-text-editor\" data-id=\"af8e399\" data-element_type=\"widget\" data-e-type=\"widget\" data-settings=\"{&quot;_animation&quot;:&quot;none&quot;}\" data-widget_type=\"text-editor.default\">\n\t\t\t\t<div class=\"elementor-widget-container\">\n\t\t\t\t\t\t\t\t\t<ul><li>Kedvezm\u00e9nyezett neve: BIAFISH Korl\u00e1tolt Felel\u0151ss\u00e9g\u0171 T\u00e1rsas\u00e1g<\/li><li>Fejleszt\u00e9s t\u00e1rgya: Term\u00e9szeti \u00e9rt\u00e9kek meg\u0151rz\u00e9se a BIAFISH Kft halastavain<\/li><li>A szerz\u0151d\u00f6tt t\u00e1mogat\u00e1s \u00f6sszege: 33.630.820 Ft<\/li><li>A projekt tartalm\u00e1nak r\u00e9szletes bemutat\u00e1sa: a projekt sor\u00e1n a MAHOP-PLUSZ-2.3.1 p\u00e1ly\u00e1zati felh\u00edv\u00e1sban szab\u00e1lyozott m\u00f3don v\u00e9gezz\u00fck a haltermel\u00e9st, a tavak k\u00f6r\u00fcl f\u00e9szkel\u0151 madarak, \u00e9s eml\u0151s \u00e1llatok \u00e9l\u0151hely\u00e9t nem zavarjuk, biztos\u00edtjuk sz\u00e1mukra a zavartalan \u00e9letk\u00f6r\u00fclm\u00e9nyeket.<\/li><li>A projekt befejez\u00e9s\u00e9nek d\u00e1tuma: 2028.12.31.<\/li><\/ul>\t\t\t\t\t\t\t\t<\/div>\n\t\t\t\t<\/div>\n\t\t\t\t<div class=\"elementor-element elementor-element-fa3effe elementor-widget elementor-widget-image\" data-id=\"fa3effe\" data-element_type=\"widget\" data-e-type=\"widget\" data-widget_type=\"image.default\">\n\t\t\t\t<div class=\"elementor-widget-container\">\n\t\t\t\t\t\t\t\t\t\t\t\t\t\t\t<img decoding=\"async\" width=\"768\" height=\"236\" src=\"https:\/\/biafish.hu\/wp-content\/uploads\/2025\/04\/2025-04-05-21_05_53-palyazatok-1-db-beillesztendo-st91384@gmail.com-Gmail-Chromium-768x236.jpg\" class=\"attachment-medium_large size-medium_large wp-image-670\" alt=\"\" srcset=\"https:\/\/biafish.hu\/wp-content\/uploads\/2025\/04\/2025-04-05-21_05_53-palyazatok-1-db-beillesztendo-st91384@gmail.com-Gmail-Chromium-768x236.jpg 768w, https:\/\/biafish.hu\/wp-content\/uploads\/2025\/04\/2025-04-05-21_05_53-palyazatok-1-db-beillesztendo-st91384@gmail.com-Gmail-Chromium-300x92.jpg 300w, https:\/\/biafish.hu\/wp-content\/uploads\/2025\/04\/2025-04-05-21_05_53-palyazatok-1-db-beillesztendo-st91384@gmail.com-Gmail-Chromium-1024x315.jpg 1024w, https:\/\/biafish.hu\/wp-content\/uploads\/2025\/04\/2025-04-05-21_05_53-palyazatok-1-db-beillesztendo-st91384@gmail.com-Gmail-Chromium-18x6.jpg 18w, https:\/\/biafish.hu\/wp-content\/uploads\/2025\/04\/2025-04-05-21_05_53-palyazatok-1-db-beillesztendo-st91384@gmail.com-Gmail-Chromium.jpg 1338w\" sizes=\"(max-width: 768px) 100vw, 768px\" \/>\t\t\t\t\t\t\t\t\t\t\t\t\t\t\t<\/div>\n\t\t\t\t<\/div>\n\t\t\t\t\t<\/div>\n\t\t\t\t<\/div>\n\t\t<div class=\"elementor-element elementor-element-06ec5cb e-flex e-con-boxed e-con e-parent\" data-id=\"06ec5cb\" data-element_type=\"container\" data-e-type=\"container\">\n\t\t\t\t\t<div class=\"e-con-inner\">\n\t\t<div class=\"elementor-element elementor-element-39cd0c5 e-flex e-con-boxed e-con e-child\" data-id=\"39cd0c5\" data-element_type=\"container\" data-e-type=\"container\">\n\t\t\t\t\t<div class=\"e-con-inner\">\n\t\t<div class=\"elementor-element elementor-element-ee8c51a e-con-full e-flex e-con e-child\" data-id=\"ee8c51a\" data-element_type=\"container\" data-e-type=\"container\">\n\t\t\t\t<div class=\"elementor-element elementor-element-1538ed8 elementor-widget elementor-widget-text-editor\" data-id=\"1538ed8\" data-element_type=\"widget\" data-e-type=\"widget\" data-widget_type=\"text-editor.default\">\n\t\t\t\t<div class=\"elementor-widget-container\">\n\t\t\t\t\t\t\t\t\t<h2>A kedvezm\u00e9nyezett neve: BIAFISH Kft.<\/h2><h4>A projekt c\u00edme: Kr\u00edzist\u00e1mogat\u00e1s a BIAFISH Kft r\u00e9sz\u00e9re<\/h4>\t\t\t\t\t\t\t\t<\/div>\n\t\t\t\t<\/div>\n\t\t\t\t<\/div>\n\t\t<div class=\"elementor-element elementor-element-532e675 e-flex e-con-boxed e-con e-child\" data-id=\"532e675\" data-element_type=\"container\" data-e-type=\"container\">\n\t\t\t\t\t<div class=\"e-con-inner\">\n\t\t\t\t<div class=\"elementor-element elementor-element-39faeaf elementor-widget elementor-widget-image\" data-id=\"39faeaf\" data-element_type=\"widget\" data-e-type=\"widget\" data-widget_type=\"image.default\">\n\t\t\t\t<div class=\"elementor-widget-container\">\n\t\t\t\t\t\t\t\t\t\t\t\t\t\t\t<img fetchpriority=\"high\" decoding=\"async\" width=\"300\" height=\"208\" src=\"https:\/\/biafish.hu\/wp-content\/uploads\/2023\/10\/EU-logo-honlapra-300x208.jpg\" class=\"attachment-medium size-medium wp-image-604\" alt=\"\" srcset=\"https:\/\/biafish.hu\/wp-content\/uploads\/2023\/10\/EU-logo-honlapra-300x208.jpg 300w, https:\/\/biafish.hu\/wp-content\/uploads\/2023\/10\/EU-logo-honlapra.jpg 640w\" sizes=\"(max-width: 300px) 100vw, 300px\" \/>\t\t\t\t\t\t\t\t\t\t\t\t\t\t\t<\/div>\n\t\t\t\t<\/div>\n\t\t\t\t\t<\/div>\n\t\t\t\t<\/div>\n\t\t\t\t\t<\/div>\n\t\t\t\t<\/div>\n\t\t\t\t<div class=\"elementor-element elementor-element-37b5b2b elementor-widget elementor-widget-text-editor\" data-id=\"37b5b2b\" data-element_type=\"widget\" data-e-type=\"widget\" data-settings=\"{&quot;_animation&quot;:&quot;none&quot;}\" data-widget_type=\"text-editor.default\">\n\t\t\t\t<div class=\"elementor-widget-container\">\n\t\t\t\t\t\t\t\t\t<ul><li><strong>A szerz\u0151d\u00f6tt t\u00e1mogat\u00e1s \u00f6sszege:<\/strong>\u00a0\u00a015 600 621 Ft<\/li><li><strong>A t\u00e1mogat\u00e1s m\u00e9rt\u00e9ke (%-ban):<\/strong> 100%<\/li><li><strong>A projekt tartalm\u00e1nak r\u00f6vid bemutat\u00e1sa:<\/strong><br \/>Az akvakult\u00fara termel\u00e9s inputanyagainak piac\u00e1n a 2022. \u00e9v sor\u00e1n olyan rendk\u00edv\u00fcli v\u00e1ltoz\u00e1sok t\u00f6rt\u00e9ntek, amelyek h\u00e1tr\u00e1nyosan \u00e9rintik a magyar gazd\u00e1lkod\u00f3kat. A takarm\u00e1ny-, az energia (bele\u00e9rtve a villamosenergi\u00e1t, illetve a fosszilis energiahordoz\u00f3kat) \u00e9s egy\u00e9b anyagok \u00e9s szolg\u00e1ltat\u00e1sok \u00e1rai olyan m\u00e9rt\u00e9kben emelkedtek, amelyek vesz\u00e9lyeztetik a termel\u00e9s gazdas\u00e1gi fenntarthat\u00f3s\u00e1g\u00e1t. Ezek enyh\u00edt\u00e9s\u00e9re tett\u00e9k el\u00e9rhet\u0151v\u00e9 a gazd\u00e1lkod\u00f3knak a \u201eKr\u00edzishelyzetre sz\u00f3l\u00f3 t\u00e1mogat\u00e1s\u201d int\u00e9zked\u00e9st, amelynek c\u00e9lja a kr\u00edzishelyzet kezel\u00e9se, a takarm\u00e1ny\u00e1rn\u00f6veked\u00e9s k\u00fcl\u00f6nb\u00f6zet\u00e9nek kompenz\u00e1ci\u00f3s t\u00e1mogat\u00e1sa,\u00a0 az \u00e1gazat versenyk\u00e9pess\u00e9g\u00e9nek megtart\u00e1sa.<\/li><li><strong>A projekt tervezett befejez\u00e9si d\u00e1tuma:<\/strong> 2023. okt\u00f3ber 31.<\/li><li><strong>A projekt azonos\u00edt\u00f3 sz\u00e1ma:<\/strong>\u00a0MAHOP-5.3.4-2023-2023-00076<\/li><\/ul>\t\t\t\t\t\t\t\t<\/div>\n\t\t\t\t<\/div>\n\t\t\t\t\t<\/div>\n\t\t\t\t<\/div>\n\t\t<div class=\"elementor-element elementor-element-b5d018d e-flex e-con-boxed e-con e-parent\" data-id=\"b5d018d\" data-element_type=\"container\" data-e-type=\"container\">\n\t\t\t\t\t<div class=\"e-con-inner\">\n\t\t<div class=\"elementor-element elementor-element-009f0e6 e-flex e-con-boxed e-con e-child\" data-id=\"009f0e6\" data-element_type=\"container\" data-e-type=\"container\">\n\t\t\t\t\t<div class=\"e-con-inner\">\n\t\t<div class=\"elementor-element elementor-element-b3e0280 e-con-full e-flex e-con e-child\" data-id=\"b3e0280\" data-element_type=\"container\" data-e-type=\"container\">\n\t\t\t\t<div class=\"elementor-element elementor-element-36c03b0 elementor-widget elementor-widget-text-editor\" data-id=\"36c03b0\" data-element_type=\"widget\" data-e-type=\"widget\" data-widget_type=\"text-editor.default\">\n\t\t\t\t<div class=\"elementor-widget-container\">\n\t\t\t\t\t\t\t\t\t<h2>A kedvezm\u00e9nyezett neve: BIAFISH Kft.<\/h2><h4>A projekt c\u00edme:\u00a0A BIAFISH Kft haltermel\u00e9s\u00e9nek optimaliz\u00e1l\u00e1sa \u00faj g\u00e9pek beszerz\u00e9s\u00e9vel<\/h4>\t\t\t\t\t\t\t\t<\/div>\n\t\t\t\t<\/div>\n\t\t\t\t<\/div>\n\t\t<div class=\"elementor-element elementor-element-fb8690f e-flex e-con-boxed e-con e-child\" data-id=\"fb8690f\" data-element_type=\"container\" data-e-type=\"container\">\n\t\t\t\t\t<div class=\"e-con-inner\">\n\t\t\t\t<div class=\"elementor-element elementor-element-c9bf000 elementor-widget elementor-widget-image\" data-id=\"c9bf000\" data-element_type=\"widget\" data-e-type=\"widget\" data-widget_type=\"image.default\">\n\t\t\t\t<div class=\"elementor-widget-container\">\n\t\t\t\t\t\t\t\t\t\t\t\t\t\t\t<img fetchpriority=\"high\" decoding=\"async\" width=\"300\" height=\"208\" src=\"https:\/\/biafish.hu\/wp-content\/uploads\/2023\/10\/EU-logo-honlapra-300x208.jpg\" class=\"attachment-medium size-medium wp-image-604\" alt=\"\" srcset=\"https:\/\/biafish.hu\/wp-content\/uploads\/2023\/10\/EU-logo-honlapra-300x208.jpg 300w, https:\/\/biafish.hu\/wp-content\/uploads\/2023\/10\/EU-logo-honlapra.jpg 640w\" sizes=\"(max-width: 300px) 100vw, 300px\" \/>\t\t\t\t\t\t\t\t\t\t\t\t\t\t\t<\/div>\n\t\t\t\t<\/div>\n\t\t\t\t\t<\/div>\n\t\t\t\t<\/div>\n\t\t\t\t\t<\/div>\n\t\t\t\t<\/div>\n\t\t\t\t<div class=\"elementor-element elementor-element-9f53d35 elementor-widget elementor-widget-text-editor\" data-id=\"9f53d35\" data-element_type=\"widget\" data-e-type=\"widget\" data-settings=\"{&quot;_animation&quot;:&quot;none&quot;}\" data-widget_type=\"text-editor.default\">\n\t\t\t\t<div class=\"elementor-widget-container\">\n\t\t\t\t\t\t\t\t\t<ul><li><strong>A szerz\u0151d\u00f6tt t\u00e1mogat\u00e1s \u00f6sszege:<\/strong> 22 019 279Ft<\/li><li><strong>A t\u00e1mogat\u00e1s m\u00e9rt\u00e9ke:<\/strong> 50%<\/li><li><strong>A projekt tartalm\u00e1nak r\u00f6vid bemutat\u00e1sa:<\/strong><p>A projekt sor\u00e1n az al\u00e1bbi g\u00e9pek beszerz\u00e9se val\u00f3sult meg:<br \/>1 db CASE IH LUXXUM 100 mez\u0151gazdas\u00e1gi vontat\u00f3;<br \/>1 db Blackbull JX100 homlokrakod\u00f3 gabonakan\u00e1llal \u00e9s raklapvill\u00e1val;<br \/>2 db Yamaha 6 LE cs\u00f3nakmotor;<br \/>1 db Yamaha 10 LE cs\u00f3nakmotor;<br \/>1 db Yamaha 20 LE cs\u00f3nakmotor;<br \/>1 db VENERONI ATR 30\/6 szivatty\u00fa;<br \/>1 db TRESZ JIP-3M\/5,5 szivatty\u00fa;<br \/>1 db TRESZ TR-14 aggreg\u00e1tor;<br \/>1 db LINN 1,1 kW-os propeller szivatty\u00fa;<br \/>1 db LINN 60 literes automata haletet\u0151;<br \/>1 db DOVAS 7 m\u00e9teres \u00f6netet\u0151 cs\u00f3nak;<br \/>1 db KOM\u00c1ROMIG\u00c9P KB 320 Sz\u00e1rz\u00faz\u00f3;<br \/>1 db Makita DUR 369 APT2 F\u0171kasza;<br \/>1 db InfiRay Finder FH 35R H\u0151kamera;<\/p><\/li><li><strong>A projekt befejez\u00e9si d\u00e1tuma:<\/strong>\u00a02023. okt\u00f3ber 31.<\/li><li><strong>A projekt azonos\u00edt\u00f3 sz\u00e1ma:<\/strong> MAHOP-2.2.1-2016-2023-00155<\/li><\/ul><p>\u00a0<\/p><p><strong>K\u00f6sz\u00f6nj\u00fck a Magyar \u00c1llam \u00e9s az Eur\u00f3pai Uni\u00f3 t\u00e1mogat\u00e1s\u00e1t!<\/strong><\/p>\t\t\t\t\t\t\t\t<\/div>\n\t\t\t\t<\/div>\n\t\t\t\t\t<\/div>\n\t\t\t\t<\/div>\n\t\t\t\t<\/div>","protected":false},"excerpt":{"rendered":"<p>P\u00e1ly\u00e1zatok MAHOP-PLUSZ-2.3.1-24-2024-00043 Kedvezm\u00e9nyezett neve: BIAFISH Korl\u00e1tolt Felel\u0151ss\u00e9g\u0171 T\u00e1rsas\u00e1g Fejleszt\u00e9s t\u00e1rgya: Term\u00e9szeti \u00e9rt\u00e9kek meg\u0151rz\u00e9se a BIAFISH Kft halastavain A szerz\u0151d\u00f6tt t\u00e1mogat\u00e1s \u00f6sszege: 33.630.820 Ft A projekt tartalm\u00e1nak r\u00e9szletes bemutat\u00e1sa: a projekt sor\u00e1n a MAHOP-PLUSZ-2.3.1 p\u00e1ly\u00e1zati felh\u00edv\u00e1sban szab\u00e1lyozott m\u00f3don v\u00e9gezz\u00fck a haltermel\u00e9st, a tavak k\u00f6r\u00fcl f\u00e9szkel\u0151 madarak, \u00e9s eml\u0151s \u00e1llatok \u00e9l\u0151hely\u00e9t nem zavarjuk, biztos\u00edtjuk sz\u00e1mukra a zavartalan [&hellip;]<\/p>\n","protected":false},"author":1,"featured_media":0,"parent":0,"menu_order":0,"comment_status":"closed","ping_status":"closed","template":"","meta":{"footnotes":""},"class_list":["post-596","page","type-page","status-publish","hentry"],"yoast_head":"<!-- This site is optimized with the Yoast SEO Premium plugin v26.2 (Yoast SEO v27.5) - https:\/\/yoast.com\/product\/yoast-seo-premium-wordpress\/ -->\n<title>P\u00e1ly\u00e1zatok -<\/title>\n<meta name=\"robots\" content=\"index, follow, max-snippet:-1, max-image-preview:large, max-video-preview:-1\" \/>\n<link rel=\"canonical\" href=\"https:\/\/biafish.hu\/de\/palyazatok\/\" \/>\n<meta property=\"og:locale\" content=\"de_DE\" \/>\n<meta property=\"og:type\" content=\"article\" \/>\n<meta property=\"og:title\" content=\"P\u00e1ly\u00e1zatok\" \/>\n<meta property=\"og:description\" content=\"P\u00e1ly\u00e1zatok MAHOP-PLUSZ-2.3.1-24-2024-00043 Kedvezm\u00e9nyezett neve: BIAFISH Korl\u00e1tolt Felel\u0151ss\u00e9g\u0171 T\u00e1rsas\u00e1g Fejleszt\u00e9s t\u00e1rgya: Term\u00e9szeti \u00e9rt\u00e9kek meg\u0151rz\u00e9se a BIAFISH Kft halastavain A szerz\u0151d\u00f6tt t\u00e1mogat\u00e1s \u00f6sszege: 33.630.820 Ft A projekt tartalm\u00e1nak r\u00e9szletes bemutat\u00e1sa: a projekt sor\u00e1n a MAHOP-PLUSZ-2.3.1 p\u00e1ly\u00e1zati felh\u00edv\u00e1sban szab\u00e1lyozott m\u00f3don v\u00e9gezz\u00fck a haltermel\u00e9st, a tavak k\u00f6r\u00fcl f\u00e9szkel\u0151 madarak, \u00e9s eml\u0151s \u00e1llatok \u00e9l\u0151hely\u00e9t nem zavarjuk, biztos\u00edtjuk sz\u00e1mukra a zavartalan [&hellip;]\" \/>\n<meta property=\"og:url\" content=\"https:\/\/biafish.hu\/de\/palyazatok\/\" \/>\n<meta property=\"article:modified_time\" content=\"2025-04-05T19:06:28+00:00\" \/>\n<meta property=\"og:image\" content=\"https:\/\/biafish.hu\/wp-content\/uploads\/2023\/10\/EU-logo-honlapra.jpg\" \/>\n\t<meta property=\"og:image:width\" content=\"640\" \/>\n\t<meta property=\"og:image:height\" content=\"443\" \/>\n\t<meta property=\"og:image:type\" content=\"image\/jpeg\" \/>\n<meta name=\"twitter:card\" content=\"summary_large_image\" \/>\n<meta name=\"twitter:label1\" content=\"Gesch\u00e4tzte Lesezeit\" \/>\n\t<meta name=\"twitter:data1\" content=\"3\u00a0Minuten\" \/>\n<script type=\"application\/ld+json\" class=\"yoast-schema-graph\">{\"@context\":\"https:\\\/\\\/schema.org\",\"@graph\":[{\"@type\":\"WebPage\",\"@id\":\"https:\\\/\\\/biafish.hu\\\/palyazatok\\\/\",\"url\":\"https:\\\/\\\/biafish.hu\\\/palyazatok\\\/\",\"name\":\"P\u00e1ly\u00e1zatok -\",\"isPartOf\":{\"@id\":\"https:\\\/\\\/biafish.hu\\\/#website\"},\"primaryImageOfPage\":{\"@id\":\"https:\\\/\\\/biafish.hu\\\/palyazatok\\\/#primaryimage\"},\"image\":{\"@id\":\"https:\\\/\\\/biafish.hu\\\/palyazatok\\\/#primaryimage\"},\"thumbnailUrl\":\"https:\\\/\\\/biafish.hu\\\/wp-content\\\/uploads\\\/2023\\\/10\\\/EU-logo-honlapra-300x208.jpg\",\"datePublished\":\"2023-10-18T10:50:39+00:00\",\"dateModified\":\"2025-04-05T19:06:28+00:00\",\"breadcrumb\":{\"@id\":\"https:\\\/\\\/biafish.hu\\\/palyazatok\\\/#breadcrumb\"},\"inLanguage\":\"de\",\"potentialAction\":[{\"@type\":\"ReadAction\",\"target\":[\"https:\\\/\\\/biafish.hu\\\/palyazatok\\\/\"]}]},{\"@type\":\"ImageObject\",\"inLanguage\":\"de\",\"@id\":\"https:\\\/\\\/biafish.hu\\\/palyazatok\\\/#primaryimage\",\"url\":\"https:\\\/\\\/biafish.hu\\\/wp-content\\\/uploads\\\/2023\\\/10\\\/EU-logo-honlapra-300x208.jpg\",\"contentUrl\":\"https:\\\/\\\/biafish.hu\\\/wp-content\\\/uploads\\\/2023\\\/10\\\/EU-logo-honlapra-300x208.jpg\"},{\"@type\":\"BreadcrumbList\",\"@id\":\"https:\\\/\\\/biafish.hu\\\/palyazatok\\\/#breadcrumb\",\"itemListElement\":[{\"@type\":\"ListItem\",\"position\":1,\"name\":\"Home\",\"item\":\"https:\\\/\\\/biafish.hu\\\/\"},{\"@type\":\"ListItem\",\"position\":2,\"name\":\"P\u00e1ly\u00e1zatok\"}]},{\"@type\":\"WebSite\",\"@id\":\"https:\\\/\\\/biafish.hu\\\/#website\",\"url\":\"https:\\\/\\\/biafish.hu\\\/\",\"name\":\"\",\"description\":\"\",\"potentialAction\":[{\"@type\":\"SearchAction\",\"target\":{\"@type\":\"EntryPoint\",\"urlTemplate\":\"https:\\\/\\\/biafish.hu\\\/?s={search_term_string}\"},\"query-input\":{\"@type\":\"PropertyValueSpecification\",\"valueRequired\":true,\"valueName\":\"search_term_string\"}}],\"inLanguage\":\"de\"}]}<\/script>\n<!-- \/ Yoast SEO Premium plugin. -->","yoast_head_json":{"title":"P\u00e1ly\u00e1zatok -","robots":{"index":"index","follow":"follow","max-snippet":"max-snippet:-1","max-image-preview":"max-image-preview:large","max-video-preview":"max-video-preview:-1"},"canonical":"https:\/\/biafish.hu\/de\/palyazatok\/","og_locale":"de_DE","og_type":"article","og_title":"P\u00e1ly\u00e1zatok","og_description":"P\u00e1ly\u00e1zatok MAHOP-PLUSZ-2.3.1-24-2024-00043 Kedvezm\u00e9nyezett neve: BIAFISH Korl\u00e1tolt Felel\u0151ss\u00e9g\u0171 T\u00e1rsas\u00e1g Fejleszt\u00e9s t\u00e1rgya: Term\u00e9szeti \u00e9rt\u00e9kek meg\u0151rz\u00e9se a BIAFISH Kft halastavain A szerz\u0151d\u00f6tt t\u00e1mogat\u00e1s \u00f6sszege: 33.630.820 Ft A projekt tartalm\u00e1nak r\u00e9szletes bemutat\u00e1sa: a projekt sor\u00e1n a MAHOP-PLUSZ-2.3.1 p\u00e1ly\u00e1zati felh\u00edv\u00e1sban szab\u00e1lyozott m\u00f3don v\u00e9gezz\u00fck a haltermel\u00e9st, a tavak k\u00f6r\u00fcl f\u00e9szkel\u0151 madarak, \u00e9s eml\u0151s \u00e1llatok \u00e9l\u0151hely\u00e9t nem zavarjuk, biztos\u00edtjuk sz\u00e1mukra a zavartalan [&hellip;]","og_url":"https:\/\/biafish.hu\/de\/palyazatok\/","article_modified_time":"2025-04-05T19:06:28+00:00","og_image":[{"width":640,"height":443,"url":"https:\/\/biafish.hu\/wp-content\/uploads\/2023\/10\/EU-logo-honlapra.jpg","type":"image\/jpeg"}],"twitter_card":"summary_large_image","twitter_misc":{"Gesch\u00e4tzte Lesezeit":"3\u00a0Minuten"},"schema":{"@context":"https:\/\/schema.org","@graph":[{"@type":"WebPage","@id":"https:\/\/biafish.hu\/palyazatok\/","url":"https:\/\/biafish.hu\/palyazatok\/","name":"P\u00e1ly\u00e1zatok -","isPartOf":{"@id":"https:\/\/biafish.hu\/#website"},"primaryImageOfPage":{"@id":"https:\/\/biafish.hu\/palyazatok\/#primaryimage"},"image":{"@id":"https:\/\/biafish.hu\/palyazatok\/#primaryimage"},"thumbnailUrl":"https:\/\/biafish.hu\/wp-content\/uploads\/2023\/10\/EU-logo-honlapra-300x208.jpg","datePublished":"2023-10-18T10:50:39+00:00","dateModified":"2025-04-05T19:06:28+00:00","breadcrumb":{"@id":"https:\/\/biafish.hu\/palyazatok\/#breadcrumb"},"inLanguage":"de","potentialAction":[{"@type":"ReadAction","target":["https:\/\/biafish.hu\/palyazatok\/"]}]},{"@type":"ImageObject","inLanguage":"de","@id":"https:\/\/biafish.hu\/palyazatok\/#primaryimage","url":"https:\/\/biafish.hu\/wp-content\/uploads\/2023\/10\/EU-logo-honlapra-300x208.jpg","contentUrl":"https:\/\/biafish.hu\/wp-content\/uploads\/2023\/10\/EU-logo-honlapra-300x208.jpg"},{"@type":"BreadcrumbList","@id":"https:\/\/biafish.hu\/palyazatok\/#breadcrumb","itemListElement":[{"@type":"ListItem","position":1,"name":"Home","item":"https:\/\/biafish.hu\/"},{"@type":"ListItem","position":2,"name":"P\u00e1ly\u00e1zatok"}]},{"@type":"WebSite","@id":"https:\/\/biafish.hu\/#website","url":"https:\/\/biafish.hu\/","name":"","description":"","potentialAction":[{"@type":"SearchAction","target":{"@type":"EntryPoint","urlTemplate":"https:\/\/biafish.hu\/?s={search_term_string}"},"query-input":{"@type":"PropertyValueSpecification","valueRequired":true,"valueName":"search_term_string"}}],"inLanguage":"de"}]}},"_links":{"self":[{"href":"https:\/\/biafish.hu\/de\/wp-json\/wp\/v2\/pages\/596","targetHints":{"allow":["GET"]}}],"collection":[{"href":"https:\/\/biafish.hu\/de\/wp-json\/wp\/v2\/pages"}],"about":[{"href":"https:\/\/biafish.hu\/de\/wp-json\/wp\/v2\/types\/page"}],"author":[{"embeddable":true,"href":"https:\/\/biafish.hu\/de\/wp-json\/wp\/v2\/users\/1"}],"replies":[{"embeddable":true,"href":"https:\/\/biafish.hu\/de\/wp-json\/wp\/v2\/comments?post=596"}],"version-history":[{"count":32,"href":"https:\/\/biafish.hu\/de\/wp-json\/wp\/v2\/pages\/596\/revisions"}],"predecessor-version":[{"id":673,"href":"https:\/\/biafish.hu\/de\/wp-json\/wp\/v2\/pages\/596\/revisions\/673"}],"wp:attachment":[{"href":"https:\/\/biafish.hu\/de\/wp-json\/wp\/v2\/media?parent=596"}],"curies":[{"name":"wp","href":"https:\/\/api.w.org\/{rel}","templated":true}]}}