{"id":95,"date":"2022-09-01T10:09:29","date_gmt":"2022-09-01T10:09:29","guid":{"rendered":"https:\/\/biafish.hu\/?page_id=95"},"modified":"2023-02-01T11:30:19","modified_gmt":"2023-02-01T11:30:19","slug":"kapcsolat","status":"publish","type":"page","link":"https:\/\/biafish.hu\/de\/kapcsolat\/","title":{"rendered":"Kontakt"},"content":{"rendered":"<div data-elementor-type=\"wp-page\" data-elementor-id=\"95\" class=\"elementor elementor-95\" data-elementor-post-type=\"page\">\n\t\t\t\t\t\t<section class=\"elementor-section elementor-top-section elementor-element elementor-element-7563ee38 elementor-section-boxed elementor-section-height-default elementor-section-height-default\" data-id=\"7563ee38\" data-element_type=\"section\" data-e-type=\"section\" data-settings=\"{&quot;background_background&quot;:&quot;classic&quot;}\">\n\t\t\t\t\t\t<div class=\"elementor-container elementor-column-gap-default\">\n\t\t\t\t\t<div class=\"elementor-column elementor-col-100 elementor-top-column elementor-element elementor-element-523c4977\" data-id=\"523c4977\" data-element_type=\"column\" data-e-type=\"column\">\n\t\t\t<div class=\"elementor-widget-wrap elementor-element-populated\">\n\t\t\t\t\t\t<section class=\"elementor-section elementor-inner-section elementor-element elementor-element-2052b4d6 elementor-section-content-middle elementor-reverse-mobile elementor-section-boxed elementor-section-height-default elementor-section-height-default\" data-id=\"2052b4d6\" data-element_type=\"section\" data-e-type=\"section\">\n\t\t\t\t\t\t<div class=\"elementor-container elementor-column-gap-no\">\n\t\t\t\t\t<div class=\"elementor-column elementor-col-33 elementor-inner-column elementor-element elementor-element-513d6ccc\" data-id=\"513d6ccc\" data-element_type=\"column\" data-e-type=\"column\" data-settings=\"{&quot;background_background&quot;:&quot;classic&quot;}\">\n\t\t\t<div class=\"elementor-widget-wrap elementor-element-populated\">\n\t\t\t\t\t<div class=\"elementor-background-overlay\"><\/div>\n\t\t\t\t\t\t<div class=\"elementor-element elementor-element-2842b535 elementor-widget elementor-widget-image\" data-id=\"2842b535\" data-element_type=\"widget\" data-e-type=\"widget\" data-widget_type=\"image.default\">\n\t\t\t\t<div class=\"elementor-widget-container\">\n\t\t\t\t\t\t\t\t\t\t\t\t\t\t\t<img decoding=\"async\" src=\"https:\/\/biafish.hu\/wp-content\/plugins\/elementor\/assets\/images\/placeholder.png\" title=\"\" alt=\"\" loading=\"lazy\" \/>\t\t\t\t\t\t\t\t\t\t\t\t\t\t\t<\/div>\n\t\t\t\t<\/div>\n\t\t\t\t\t<\/div>\n\t\t<\/div>\n\t\t\t\t<div class=\"elementor-column elementor-col-33 elementor-inner-column elementor-element elementor-element-73aca7f9\" data-id=\"73aca7f9\" data-element_type=\"column\" data-e-type=\"column\" data-settings=\"{&quot;background_background&quot;:&quot;classic&quot;}\">\n\t\t\t<div class=\"elementor-widget-wrap elementor-element-populated\">\n\t\t\t\t\t\t<div class=\"elementor-element elementor-element-66c50ccb elementor-widget elementor-widget-heading\" data-id=\"66c50ccb\" data-element_type=\"widget\" data-e-type=\"widget\" data-widget_type=\"heading.default\">\n\t\t\t\t<div class=\"elementor-widget-container\">\n\t\t\t\t\t<h3 class=\"elementor-heading-title elementor-size-medium\"><a href=\"#\">Keressen minket bizalommal!<\/a><\/h3>\t\t\t\t<\/div>\n\t\t\t\t<\/div>\n\t\t\t\t<div class=\"elementor-element elementor-element-224b1193 elementor-widget elementor-widget-heading\" data-id=\"224b1193\" data-element_type=\"widget\" data-e-type=\"widget\" data-widget_type=\"heading.default\">\n\t\t\t\t<div class=\"elementor-widget-container\">\n\t\t\t\t\t<h2 class=\"elementor-heading-title elementor-size-xl\"><a href=\"#\">El\u00e9rhet\u0151s\u00e9gek<\/a><\/h2>\t\t\t\t<\/div>\n\t\t\t\t<\/div>\n\t\t\t\t<div class=\"elementor-element elementor-element-1716f501 elementor-widget elementor-widget-heading\" data-id=\"1716f501\" data-element_type=\"widget\" data-e-type=\"widget\" data-widget_type=\"heading.default\">\n\t\t\t\t<div class=\"elementor-widget-container\">\n\t\t\t\t\t<h3 class=\"elementor-heading-title elementor-size-large\"><a href=\"tel:+3630403 5596\">+36 30 403 5596<\/h3>\t\t\t\t<\/div>\n\t\t\t\t<\/div>\n\t\t\t\t<div class=\"elementor-element elementor-element-68ffa184 elementor-widget elementor-widget-heading\" data-id=\"68ffa184\" data-element_type=\"widget\" data-e-type=\"widget\" data-widget_type=\"heading.default\">\n\t\t\t\t<div class=\"elementor-widget-container\">\n\t\t\t\t\t<h3 class=\"elementor-heading-title elementor-size-large\"><a href=\"mailto:info@biafish.hu\">info@biafish.hu<\/h3>\t\t\t\t<\/div>\n\t\t\t\t<\/div>\n\t\t\t\t<div class=\"elementor-element elementor-element-efd9f0c elementor-widget elementor-widget-text-editor\" data-id=\"efd9f0c\" data-element_type=\"widget\" data-e-type=\"widget\" data-widget_type=\"text-editor.default\">\n\t\t\t\t<div class=\"elementor-widget-container\">\n\t\t\t\t\t\t\t\t\t<p><span style=\"font-weight: 400;\">\u00a0<\/span><\/p><p>BIAFISH Kft.<\/p><p><span style=\"font-weight: 400;\">Ad\u00f3sz\u00e1m: 26538639-2-11<\/span><\/p><p><span style=\"font-weight: 400;\">C\u00e9gjegyz\u00e9ksz\u00e1m: 11-09-026434<\/span><\/p><p><span style=\"font-weight: 400;\">Sz\u00e1mlasz\u00e1m: 50430206-10026414<\/span><\/p><p><span style=\"font-weight: 400;\">Sz\u00e9khely: 2890 Tata, Galagonya u. 8.<\/span><\/p><p><span style=\"font-weight: 400;\">Telephely: 2051 Biatorb\u00e1gy, 0219\/2 hrsz.<\/span><\/p><p>Megk\u00f6zel\u00edthet\u0151s\u00e9g: Biatorb\u00e1gy, Nagy utca fel\u0151l, GPS koordin\u00e1t\u00e1k: 47\u00b027&#8217;30.2&#8243;N 18\u00b048&#8217;33.6&#8243;E<\/p><p><span style=\"font-weight: 400;\">Gesch\u00e4ftsf\u00fchrer: P\u00e9ter Orosz<\/span><\/p>\t\t\t\t\t\t\t\t<\/div>\n\t\t\t\t<\/div>\n\t\t\t\t\t<\/div>\n\t\t<\/div>\n\t\t\t\t<div class=\"elementor-column elementor-col-33 elementor-inner-column elementor-element elementor-element-71d2a5b6\" data-id=\"71d2a5b6\" data-element_type=\"column\" data-e-type=\"column\" data-settings=\"{&quot;background_background&quot;:&quot;classic&quot;}\">\n\t\t\t<div class=\"elementor-widget-wrap elementor-element-populated\">\n\t\t\t\t\t\t<div class=\"elementor-element elementor-element-6537a746 elementor-view-framed elementor-shape-circle elementor-widget elementor-widget-icon\" data-id=\"6537a746\" data-element_type=\"widget\" data-e-type=\"widget\" data-widget_type=\"icon.default\">\n\t\t\t\t<div class=\"elementor-widget-container\">\n\t\t\t\t\t\t\t<div class=\"elementor-icon-wrapper\">\n\t\t\t<a class=\"elementor-icon\" href=\"#\">\n\t\t\t<i aria-hidden=\"true\" class=\"fas fa-fish\"><\/i>\t\t\t<\/a>\n\t\t<\/div>\n\t\t\t\t\t\t<\/div>\n\t\t\t\t<\/div>\n\t\t\t\t\t<\/div>\n\t\t<\/div>\n\t\t\t\t\t<\/div>\n\t\t<\/section>\n\t\t\t\t\t<\/div>\n\t\t<\/div>\n\t\t\t\t\t<\/div>\n\t\t<\/section>\n\t\t\t\t<section class=\"elementor-section elementor-top-section elementor-element elementor-element-7cc69cc0 elementor-section-full_width elementor-section-height-default elementor-section-height-default\" data-id=\"7cc69cc0\" data-element_type=\"section\" data-e-type=\"section\">\n\t\t\t\t\t\t<div class=\"elementor-container elementor-column-gap-no\">\n\t\t\t\t\t<div class=\"elementor-column elementor-col-100 elementor-top-column elementor-element elementor-element-56a98204\" data-id=\"56a98204\" data-element_type=\"column\" data-e-type=\"column\">\n\t\t\t<div class=\"elementor-widget-wrap elementor-element-populated\">\n\t\t\t\t\t\t<div class=\"elementor-element elementor-element-d488e1e elementor-widget elementor-widget-google_maps\" data-id=\"d488e1e\" data-element_type=\"widget\" data-e-type=\"widget\" data-widget_type=\"google_maps.default\">\n\t\t\t\t<div class=\"elementor-widget-container\">\n\t\t\t\t\t\t\t<div class=\"elementor-custom-embed\">\n\t\t\t<iframe loading=\"lazy\"\n\t\t\t\t\tsrc=\"https:\/\/maps.google.com\/maps?q=47%C2%B027%2730.2%22N%2018%C2%B048%2733.6%22E&#038;t=m&#038;z=14&#038;output=embed&#038;iwloc=near\"\n\t\t\t\t\ttitle=\"47\u00b027&#039;30.2&quot;N 18\u00b048&#039;33.6&quot;E\"\n\t\t\t\t\taria-label=\"47\u00b027&#039;30.2&quot;N 18\u00b048&#039;33.6&quot;E\"\n\t\t\t><\/iframe>\n\t\t<\/div>\n\t\t\t\t\t\t<\/div>\n\t\t\t\t<\/div>\n\t\t\t\t\t<\/div>\n\t\t<\/div>\n\t\t\t\t\t<\/div>\n\t\t<\/section>\n\t\t\t\t<\/div>","protected":false},"excerpt":{"rendered":"<p>Keressen minket bizalommal! El\u00e9rhet\u0151s\u00e9gek +36 30 403 5596 info@biafish.hu \u00a0 BIAFISH Kft. Ad\u00f3sz\u00e1m: 26538639-2-11 C\u00e9gjegyz\u00e9ksz\u00e1m: 11-09-026434 Sz\u00e1mlasz\u00e1m: 50430206-10026414 Sz\u00e9khely: 2890 Tata, Galagonya u. 8. Telephely: 2051 Biatorb\u00e1gy, 0219\/2 hrsz. Megk\u00f6zel\u00edthet\u0151s\u00e9g: Biatorb\u00e1gy, Nagy utca fel\u0151l, GPS koordin\u00e1t\u00e1k: 47\u00b027&#8217;30.2&#8243;N 18\u00b048&#8217;33.6&#8243;E \u00dcgyvezet\u0151: Orosz P\u00e9ter<\/p>","protected":false},"author":1,"featured_media":0,"parent":0,"menu_order":0,"comment_status":"closed","ping_status":"closed","template":"","meta":{"footnotes":""},"class_list":["post-95","page","type-page","status-publish","hentry"],"yoast_head":"<!-- This site is optimized with the Yoast SEO Premium plugin v26.2 (Yoast SEO v27.5) - https:\/\/yoast.com\/product\/yoast-seo-premium-wordpress\/ -->\n<title>Kapcsolat -<\/title>\n<meta name=\"robots\" content=\"index, follow, max-snippet:-1, max-image-preview:large, max-video-preview:-1\" \/>\n<link rel=\"canonical\" href=\"https:\/\/biafish.hu\/de\/kapcsolat\/\" \/>\n<meta property=\"og:locale\" content=\"de_DE\" \/>\n<meta property=\"og:type\" content=\"article\" \/>\n<meta property=\"og:title\" content=\"Kapcsolat\" \/>\n<meta property=\"og:description\" content=\"Keressen minket bizalommal! El\u00e9rhet\u0151s\u00e9gek +36 30 403 5596 info@biafish.hu \u00a0 BIAFISH Kft. Ad\u00f3sz\u00e1m: 26538639-2-11 C\u00e9gjegyz\u00e9ksz\u00e1m: 11-09-026434 Sz\u00e1mlasz\u00e1m: 50430206-10026414 Sz\u00e9khely: 2890 Tata, Galagonya u. 8. Telephely: 2051 Biatorb\u00e1gy, 0219\/2 hrsz. Megk\u00f6zel\u00edthet\u0151s\u00e9g: Biatorb\u00e1gy, Nagy utca fel\u0151l, GPS koordin\u00e1t\u00e1k: 47\u00b027&#8217;30.2&#8243;N 18\u00b048&#8217;33.6&#8243;E \u00dcgyvezet\u0151: Orosz P\u00e9ter\" \/>\n<meta property=\"og:url\" content=\"https:\/\/biafish.hu\/de\/kapcsolat\/\" \/>\n<meta property=\"article:modified_time\" content=\"2023-02-01T11:30:19+00:00\" \/>\n<meta property=\"og:image\" content=\"https:\/\/biafish.hu\/wp-content\/plugins\/elementor\/assets\/images\/placeholder.png\" \/>\n<meta name=\"twitter:card\" content=\"summary_large_image\" \/>\n<meta name=\"twitter:label1\" content=\"Gesch\u00e4tzte Lesezeit\" \/>\n\t<meta name=\"twitter:data1\" content=\"1\u00a0Minute\" \/>\n<script type=\"application\/ld+json\" class=\"yoast-schema-graph\">{\"@context\":\"https:\\\/\\\/schema.org\",\"@graph\":[{\"@type\":\"WebPage\",\"@id\":\"https:\\\/\\\/biafish.hu\\\/kapcsolat\\\/\",\"url\":\"https:\\\/\\\/biafish.hu\\\/kapcsolat\\\/\",\"name\":\"Kapcsolat -\",\"isPartOf\":{\"@id\":\"https:\\\/\\\/biafish.hu\\\/#website\"},\"primaryImageOfPage\":{\"@id\":\"https:\\\/\\\/biafish.hu\\\/kapcsolat\\\/#primaryimage\"},\"image\":{\"@id\":\"https:\\\/\\\/biafish.hu\\\/kapcsolat\\\/#primaryimage\"},\"thumbnailUrl\":\"https:\\\/\\\/biafish.hu\\\/wp-content\\\/plugins\\\/elementor\\\/assets\\\/images\\\/placeholder.png\",\"datePublished\":\"2022-09-01T10:09:29+00:00\",\"dateModified\":\"2023-02-01T11:30:19+00:00\",\"breadcrumb\":{\"@id\":\"https:\\\/\\\/biafish.hu\\\/kapcsolat\\\/#breadcrumb\"},\"inLanguage\":\"de\",\"potentialAction\":[{\"@type\":\"ReadAction\",\"target\":[\"https:\\\/\\\/biafish.hu\\\/kapcsolat\\\/\"]}]},{\"@type\":\"ImageObject\",\"inLanguage\":\"de\",\"@id\":\"https:\\\/\\\/biafish.hu\\\/kapcsolat\\\/#primaryimage\",\"url\":\"https:\\\/\\\/biafish.hu\\\/wp-content\\\/plugins\\\/elementor\\\/assets\\\/images\\\/placeholder.png\",\"contentUrl\":\"https:\\\/\\\/biafish.hu\\\/wp-content\\\/plugins\\\/elementor\\\/assets\\\/images\\\/placeholder.png\"},{\"@type\":\"BreadcrumbList\",\"@id\":\"https:\\\/\\\/biafish.hu\\\/kapcsolat\\\/#breadcrumb\",\"itemListElement\":[{\"@type\":\"ListItem\",\"position\":1,\"name\":\"Home\",\"item\":\"https:\\\/\\\/biafish.hu\\\/\"},{\"@type\":\"ListItem\",\"position\":2,\"name\":\"Kapcsolat\"}]},{\"@type\":\"WebSite\",\"@id\":\"https:\\\/\\\/biafish.hu\\\/#website\",\"url\":\"https:\\\/\\\/biafish.hu\\\/\",\"name\":\"\",\"description\":\"\",\"potentialAction\":[{\"@type\":\"SearchAction\",\"target\":{\"@type\":\"EntryPoint\",\"urlTemplate\":\"https:\\\/\\\/biafish.hu\\\/?s={search_term_string}\"},\"query-input\":{\"@type\":\"PropertyValueSpecification\",\"valueRequired\":true,\"valueName\":\"search_term_string\"}}],\"inLanguage\":\"de\"}]}<\/script>\n<!-- \/ Yoast SEO Premium plugin. -->","yoast_head_json":{"title":"Kapcsolat -","robots":{"index":"index","follow":"follow","max-snippet":"max-snippet:-1","max-image-preview":"max-image-preview:large","max-video-preview":"max-video-preview:-1"},"canonical":"https:\/\/biafish.hu\/de\/kapcsolat\/","og_locale":"de_DE","og_type":"article","og_title":"Kapcsolat","og_description":"Keressen minket bizalommal! El\u00e9rhet\u0151s\u00e9gek +36 30 403 5596 info@biafish.hu \u00a0 BIAFISH Kft. Ad\u00f3sz\u00e1m: 26538639-2-11 C\u00e9gjegyz\u00e9ksz\u00e1m: 11-09-026434 Sz\u00e1mlasz\u00e1m: 50430206-10026414 Sz\u00e9khely: 2890 Tata, Galagonya u. 8. Telephely: 2051 Biatorb\u00e1gy, 0219\/2 hrsz. Megk\u00f6zel\u00edthet\u0151s\u00e9g: Biatorb\u00e1gy, Nagy utca fel\u0151l, GPS koordin\u00e1t\u00e1k: 47\u00b027&#8217;30.2&#8243;N 18\u00b048&#8217;33.6&#8243;E \u00dcgyvezet\u0151: Orosz P\u00e9ter","og_url":"https:\/\/biafish.hu\/de\/kapcsolat\/","article_modified_time":"2023-02-01T11:30:19+00:00","og_image":[{"url":"https:\/\/biafish.hu\/wp-content\/plugins\/elementor\/assets\/images\/placeholder.png","type":"","width":"","height":""}],"twitter_card":"summary_large_image","twitter_misc":{"Gesch\u00e4tzte Lesezeit":"1\u00a0Minute"},"schema":{"@context":"https:\/\/schema.org","@graph":[{"@type":"WebPage","@id":"https:\/\/biafish.hu\/kapcsolat\/","url":"https:\/\/biafish.hu\/kapcsolat\/","name":"Kapcsolat -","isPartOf":{"@id":"https:\/\/biafish.hu\/#website"},"primaryImageOfPage":{"@id":"https:\/\/biafish.hu\/kapcsolat\/#primaryimage"},"image":{"@id":"https:\/\/biafish.hu\/kapcsolat\/#primaryimage"},"thumbnailUrl":"https:\/\/biafish.hu\/wp-content\/plugins\/elementor\/assets\/images\/placeholder.png","datePublished":"2022-09-01T10:09:29+00:00","dateModified":"2023-02-01T11:30:19+00:00","breadcrumb":{"@id":"https:\/\/biafish.hu\/kapcsolat\/#breadcrumb"},"inLanguage":"de","potentialAction":[{"@type":"ReadAction","target":["https:\/\/biafish.hu\/kapcsolat\/"]}]},{"@type":"ImageObject","inLanguage":"de","@id":"https:\/\/biafish.hu\/kapcsolat\/#primaryimage","url":"https:\/\/biafish.hu\/wp-content\/plugins\/elementor\/assets\/images\/placeholder.png","contentUrl":"https:\/\/biafish.hu\/wp-content\/plugins\/elementor\/assets\/images\/placeholder.png"},{"@type":"BreadcrumbList","@id":"https:\/\/biafish.hu\/kapcsolat\/#breadcrumb","itemListElement":[{"@type":"ListItem","position":1,"name":"Home","item":"https:\/\/biafish.hu\/"},{"@type":"ListItem","position":2,"name":"Kapcsolat"}]},{"@type":"WebSite","@id":"https:\/\/biafish.hu\/#website","url":"https:\/\/biafish.hu\/","name":"","description":"","potentialAction":[{"@type":"SearchAction","target":{"@type":"EntryPoint","urlTemplate":"https:\/\/biafish.hu\/?s={search_term_string}"},"query-input":{"@type":"PropertyValueSpecification","valueRequired":true,"valueName":"search_term_string"}}],"inLanguage":"de"}]}},"_links":{"self":[{"href":"https:\/\/biafish.hu\/de\/wp-json\/wp\/v2\/pages\/95","targetHints":{"allow":["GET"]}}],"collection":[{"href":"https:\/\/biafish.hu\/de\/wp-json\/wp\/v2\/pages"}],"about":[{"href":"https:\/\/biafish.hu\/de\/wp-json\/wp\/v2\/types\/page"}],"author":[{"embeddable":true,"href":"https:\/\/biafish.hu\/de\/wp-json\/wp\/v2\/users\/1"}],"replies":[{"embeddable":true,"href":"https:\/\/biafish.hu\/de\/wp-json\/wp\/v2\/comments?post=95"}],"version-history":[{"count":0,"href":"https:\/\/biafish.hu\/de\/wp-json\/wp\/v2\/pages\/95\/revisions"}],"wp:attachment":[{"href":"https:\/\/biafish.hu\/de\/wp-json\/wp\/v2\/media?parent=95"}],"curies":[{"name":"wp","href":"https:\/\/api.w.org\/{rel}","templated":true}]}}