{"id":344,"date":"2023-02-09T13:48:27","date_gmt":"2023-02-09T13:48:27","guid":{"rendered":"https:\/\/biafish.hu\/?page_id=344"},"modified":"2023-02-14T10:51:02","modified_gmt":"2023-02-14T10:51:02","slug":"rolunk","status":"publish","type":"page","link":"https:\/\/biafish.hu\/en\/rolunk\/","title":{"rendered":"About us"},"content":{"rendered":"<div data-elementor-type=\"wp-page\" data-elementor-id=\"344\" class=\"elementor elementor-344\" data-elementor-post-type=\"page\">\n\t\t\t\t\t\t<section class=\"elementor-section elementor-top-section elementor-element elementor-element-7557016 elementor-section-boxed elementor-section-height-default elementor-section-height-default\" data-id=\"7557016\" data-element_type=\"section\" data-e-type=\"section\" data-settings=\"{&quot;background_background&quot;:&quot;classic&quot;}\">\n\t\t\t\t\t\t<div class=\"elementor-container elementor-column-gap-default\">\n\t\t\t\t\t<div class=\"elementor-column elementor-col-100 elementor-top-column elementor-element elementor-element-39298d0\" data-id=\"39298d0\" data-element_type=\"column\" data-e-type=\"column\">\n\t\t\t<div class=\"elementor-widget-wrap elementor-element-populated\">\n\t\t\t\t\t\t<div class=\"elementor-element elementor-element-df6b7f1 elementor-widget elementor-widget-heading\" data-id=\"df6b7f1\" data-element_type=\"widget\" data-e-type=\"widget\" data-widget_type=\"heading.default\">\n\t\t\t\t<div class=\"elementor-widget-container\">\n\t\t\t\t\t<h2 class=\"elementor-heading-title elementor-size-xxl\">About us<\/h2>\t\t\t\t<\/div>\n\t\t\t\t<\/div>\n\t\t\t\t\t<\/div>\n\t\t<\/div>\n\t\t\t\t\t<\/div>\n\t\t<\/section>\n\t\t\t\t<section class=\"elementor-section elementor-top-section elementor-element elementor-element-84e4986 elementor-section-boxed elementor-section-height-default elementor-section-height-default\" data-id=\"84e4986\" data-element_type=\"section\" data-e-type=\"section\">\n\t\t\t\t\t\t<div class=\"elementor-container elementor-column-gap-default\">\n\t\t\t\t\t<div class=\"elementor-column elementor-col-100 elementor-top-column elementor-element elementor-element-93520bc\" data-id=\"93520bc\" data-element_type=\"column\" data-e-type=\"column\">\n\t\t\t<div class=\"elementor-widget-wrap elementor-element-populated\">\n\t\t\t\t\t\t<div class=\"elementor-element elementor-element-2461318 elementor-widget elementor-widget-text-editor\" data-id=\"2461318\" data-element_type=\"widget\" data-e-type=\"widget\" data-settings=\"{&quot;_animation&quot;:&quot;none&quot;}\" data-widget_type=\"text-editor.default\">\n\t\t\t\t<div class=\"elementor-widget-container\">\n\t\t\t\t\t\t\t\t\t<p><strong><em>Company history:<\/em><\/strong><\/p>\n<p class=\"translation-block\">After the privatization of TEHAG Kft. (Temper\u00e1ltviz\u0171 Halszapor\u00edt\u00f3 Gazdas\u00e1g) - as its successor - in 2009, our company started its activities in the Biatorb\u00e1gy fish ponds under the name BIA-TEHAG Kft. Our company continued to operate from 2022 as Biafish Kft. We are currently engaged in freshwater fish farming in an area of more than 150 hectares. The main fish species in our lakes are carp (Cyprinius carpio), pikeperch (Sander lucioperca), pike (Esox lucius), grass carp (Ctenopharyngodon idella) and Prussian carp (Carassius auratus gibelio), but we also breed silver carp (Hypophthalmichthys molitrix), bream (Abramis brama), tench (Tinca tinca), wels catfish (Silurus glanis), sturgeon (Acipenseridae) in accordance with customer needs.<\/p>\n<p><strong><em>Production method:<\/em><\/strong><\/p>\n<p>During production, we try to use the natural yield of the lakes as much as possible with polyculture population (we raise several species of fish together), we feed wheat and triticale to our fishes as additional feed. In addition to the favorable environmental characteristics of our lakes, the low fish density and the impeccable quality of abrak fodder are the guarantee of healthy, low-fat meat and tasty \"Bia fish\".<\/p>\n<p><strong><em>Our target group:<\/em><\/strong><\/p>\n<p>Most of the harvest is sold to fishing ponds, but fishmongers and fish shops often choose us as a supplier during the Christmas season.<\/p>\n<p><strong><em>Size of farmed fish:<\/em><\/strong><\/p>\n<p>We usually sell three-year-old fishes, but we also one- and two-year-old fishes, if there is a surplus over our own needs. We also keep specimens of carp and grass carp weighing more than 10 kg. The purpose of the one- and two-year fish production is primarily to satisfy our own needs, and we sell the surplus to other producers.<\/p>\n<p><strong><em>Annual cycle of fish production:<\/em><\/strong><\/p>\n<p>Fish production begins with stocking out after the winter filling of the ponds. With the spring warming, the amount of planktons increases dramatically, which serve as excellent food for the fish population weakened during the winter. We start supplementary feeding at the end of April, which lasts until mid-October. Usually, the fishes reach the size that can be moved to fishing ponds by July. In such cases, we do not drain the water from the lakes, we use lure feeding to accustom the stock to the suitable summer fishing spot, and in this way we carry out thinning fishing. Usually, only market carp and possibly grass carp are caught in the net, which are transported to the fishing ponds emptied during the summer season. In autumn, the fish's metabolism slows down, at which time we stop feeding and start draining the ponds. From the beginning of the fall fishing season, the entire range is available to customers, 80% of which is sold in November-December. In the spring, we sell the remaining stocks of market fish, and then we fish the small one- and two-year-old fishes, and then start all over again...<\/p>\n<p>As the old saying goes, \"The beauty of fish farming is that you can start over every year.\"<\/p>\t\t\t\t\t\t\t\t<\/div>\n\t\t\t\t<\/div>\n\t\t\t\t<div class=\"elementor-element elementor-element-10b4084 elementor-button-danger elementor-align-left elementor-widget elementor-widget-button\" data-id=\"10b4084\" data-element_type=\"widget\" data-e-type=\"widget\" data-settings=\"{&quot;_animation&quot;:&quot;none&quot;}\" data-widget_type=\"button.default\">\n\t\t\t\t<div class=\"elementor-widget-container\">\n\t\t\t\t\t\t\t\t\t<div class=\"elementor-button-wrapper\">\n\t\t\t\t\t<a class=\"elementor-button elementor-button-link elementor-size-md\" href=\"https:\/\/biafish.hu\/en\/mult-es-jelen\/\">\n\t\t\t\t\t\t<span class=\"elementor-button-content-wrapper\">\n\t\t\t\t\t\t\t\t\t<span class=\"elementor-button-text\">Next: \"Past and Present\"<\/span>\n\t\t\t\t\t<\/span>\n\t\t\t\t\t<\/a>\n\t\t\t\t<\/div>\n\t\t\t\t\t\t\t\t<\/div>\n\t\t\t\t<\/div>\n\t\t\t\t\t<\/div>\n\t\t<\/div>\n\t\t\t\t\t<\/div>\n\t\t<\/section>\n\t\t\t\t<section class=\"elementor-section elementor-top-section elementor-element elementor-element-60ae84a1 elementor-section-boxed elementor-section-height-default elementor-section-height-default\" data-id=\"60ae84a1\" data-element_type=\"section\" data-e-type=\"section\">\n\t\t\t\t\t\t<div class=\"elementor-container elementor-column-gap-default\">\n\t\t\t\t\t\t<\/div>\n\t\t<\/section>\n\t\t\t\t<section class=\"elementor-section elementor-top-section elementor-element elementor-element-b583018 elementor-section-boxed elementor-section-height-default elementor-section-height-default\" data-id=\"b583018\" data-element_type=\"section\" data-e-type=\"section\">\n\t\t\t\t\t\t<div class=\"elementor-container elementor-column-gap-default\">\n\t\t\t\t\t\t<\/div>\n\t\t<\/section>\n\t\t\t\t<\/div>","protected":false},"excerpt":{"rendered":"<p>R\u00f3lunk C\u00e9gt\u00f6rt\u00e9net: C\u00e9g\u00fcnk a TEHAG Kft. (Temper\u00e1ltviz\u0171 Halszapor\u00edt\u00f3 Gazdas\u00e1g) privatiz\u00e1ci\u00f3ja ut\u00e1n \u2013 annak ut\u00f3djak\u00e9nt \u2013 2009-ben kezdte meg tev\u00e9kenys\u00e9g\u00e9t a biatorb\u00e1gyi halastavakon BIA-TEHAG Kft. n\u00e9ven. V\u00e1llalkoz\u00e1sunk 2022.06.20. \u00f3ta Biafish Kft. n\u00e9ven m\u0171k\u00f6dik tov\u00e1bb. Jelenleg t\u00f6bb mint 150 hekt\u00e1r ter\u00fcleten folytatunk \u00e9desv\u00edzi halgazd\u00e1lkod\u00e1st. Tavaink f\u0151 halfaja a ponty, s\u00fcll\u0151, csuka, amur \u00e9s k\u00e1r\u00e1sz, de a vev\u0151i [&hellip;]<\/p>\n","protected":false},"author":1,"featured_media":0,"parent":0,"menu_order":0,"comment_status":"closed","ping_status":"closed","template":"","meta":{"footnotes":""},"class_list":["post-344","page","type-page","status-publish","hentry"],"yoast_head":"<!-- This site is optimized with the Yoast SEO Premium plugin v26.2 (Yoast SEO v27.3) - https:\/\/yoast.com\/product\/yoast-seo-premium-wordpress\/ -->\n<title>R\u00f3lunk -<\/title>\n<meta name=\"robots\" content=\"index, follow, max-snippet:-1, max-image-preview:large, max-video-preview:-1\" \/>\n<link rel=\"canonical\" href=\"https:\/\/biafish.hu\/en\/rolunk\/\" \/>\n<meta property=\"og:locale\" content=\"en_GB\" \/>\n<meta property=\"og:type\" content=\"article\" \/>\n<meta property=\"og:title\" content=\"R\u00f3lunk\" \/>\n<meta property=\"og:description\" content=\"R\u00f3lunk C\u00e9gt\u00f6rt\u00e9net: C\u00e9g\u00fcnk a TEHAG Kft. (Temper\u00e1ltviz\u0171 Halszapor\u00edt\u00f3 Gazdas\u00e1g) privatiz\u00e1ci\u00f3ja ut\u00e1n \u2013 annak ut\u00f3djak\u00e9nt \u2013 2009-ben kezdte meg tev\u00e9kenys\u00e9g\u00e9t a biatorb\u00e1gyi halastavakon BIA-TEHAG Kft. n\u00e9ven. V\u00e1llalkoz\u00e1sunk 2022.06.20. \u00f3ta Biafish Kft. n\u00e9ven m\u0171k\u00f6dik tov\u00e1bb. Jelenleg t\u00f6bb mint 150 hekt\u00e1r ter\u00fcleten folytatunk \u00e9desv\u00edzi halgazd\u00e1lkod\u00e1st. Tavaink f\u0151 halfaja a ponty, s\u00fcll\u0151, csuka, amur \u00e9s k\u00e1r\u00e1sz, de a vev\u0151i [&hellip;]\" \/>\n<meta property=\"og:url\" content=\"https:\/\/biafish.hu\/en\/rolunk\/\" \/>\n<meta property=\"article:modified_time\" content=\"2023-02-14T10:51:02+00:00\" \/>\n<meta name=\"twitter:card\" content=\"summary_large_image\" \/>\n<meta name=\"twitter:label1\" content=\"Estimated reading time\" \/>\n\t<meta name=\"twitter:data1\" content=\"2 minutes\" \/>\n<script type=\"application\/ld+json\" class=\"yoast-schema-graph\">{\"@context\":\"https:\\\/\\\/schema.org\",\"@graph\":[{\"@type\":\"WebPage\",\"@id\":\"https:\\\/\\\/biafish.hu\\\/rolunk\\\/\",\"url\":\"https:\\\/\\\/biafish.hu\\\/rolunk\\\/\",\"name\":\"R\u00f3lunk -\",\"isPartOf\":{\"@id\":\"https:\\\/\\\/biafish.hu\\\/#website\"},\"datePublished\":\"2023-02-09T13:48:27+00:00\",\"dateModified\":\"2023-02-14T10:51:02+00:00\",\"breadcrumb\":{\"@id\":\"https:\\\/\\\/biafish.hu\\\/rolunk\\\/#breadcrumb\"},\"inLanguage\":\"en-GB\",\"potentialAction\":[{\"@type\":\"ReadAction\",\"target\":[\"https:\\\/\\\/biafish.hu\\\/rolunk\\\/\"]}]},{\"@type\":\"BreadcrumbList\",\"@id\":\"https:\\\/\\\/biafish.hu\\\/rolunk\\\/#breadcrumb\",\"itemListElement\":[{\"@type\":\"ListItem\",\"position\":1,\"name\":\"Home\",\"item\":\"https:\\\/\\\/biafish.hu\\\/\"},{\"@type\":\"ListItem\",\"position\":2,\"name\":\"R\u00f3lunk\"}]},{\"@type\":\"WebSite\",\"@id\":\"https:\\\/\\\/biafish.hu\\\/#website\",\"url\":\"https:\\\/\\\/biafish.hu\\\/\",\"name\":\"\",\"description\":\"\",\"potentialAction\":[{\"@type\":\"SearchAction\",\"target\":{\"@type\":\"EntryPoint\",\"urlTemplate\":\"https:\\\/\\\/biafish.hu\\\/?s={search_term_string}\"},\"query-input\":{\"@type\":\"PropertyValueSpecification\",\"valueRequired\":true,\"valueName\":\"search_term_string\"}}],\"inLanguage\":\"en-GB\"}]}<\/script>\n<!-- \/ Yoast SEO Premium plugin. -->","yoast_head_json":{"title":"R\u00f3lunk -","robots":{"index":"index","follow":"follow","max-snippet":"max-snippet:-1","max-image-preview":"max-image-preview:large","max-video-preview":"max-video-preview:-1"},"canonical":"https:\/\/biafish.hu\/en\/rolunk\/","og_locale":"en_GB","og_type":"article","og_title":"R\u00f3lunk","og_description":"R\u00f3lunk C\u00e9gt\u00f6rt\u00e9net: C\u00e9g\u00fcnk a TEHAG Kft. (Temper\u00e1ltviz\u0171 Halszapor\u00edt\u00f3 Gazdas\u00e1g) privatiz\u00e1ci\u00f3ja ut\u00e1n \u2013 annak ut\u00f3djak\u00e9nt \u2013 2009-ben kezdte meg tev\u00e9kenys\u00e9g\u00e9t a biatorb\u00e1gyi halastavakon BIA-TEHAG Kft. n\u00e9ven. V\u00e1llalkoz\u00e1sunk 2022.06.20. \u00f3ta Biafish Kft. n\u00e9ven m\u0171k\u00f6dik tov\u00e1bb. Jelenleg t\u00f6bb mint 150 hekt\u00e1r ter\u00fcleten folytatunk \u00e9desv\u00edzi halgazd\u00e1lkod\u00e1st. Tavaink f\u0151 halfaja a ponty, s\u00fcll\u0151, csuka, amur \u00e9s k\u00e1r\u00e1sz, de a vev\u0151i [&hellip;]","og_url":"https:\/\/biafish.hu\/en\/rolunk\/","article_modified_time":"2023-02-14T10:51:02+00:00","twitter_card":"summary_large_image","twitter_misc":{"Estimated reading time":"2 minutes"},"schema":{"@context":"https:\/\/schema.org","@graph":[{"@type":"WebPage","@id":"https:\/\/biafish.hu\/rolunk\/","url":"https:\/\/biafish.hu\/rolunk\/","name":"R\u00f3lunk -","isPartOf":{"@id":"https:\/\/biafish.hu\/#website"},"datePublished":"2023-02-09T13:48:27+00:00","dateModified":"2023-02-14T10:51:02+00:00","breadcrumb":{"@id":"https:\/\/biafish.hu\/rolunk\/#breadcrumb"},"inLanguage":"en-GB","potentialAction":[{"@type":"ReadAction","target":["https:\/\/biafish.hu\/rolunk\/"]}]},{"@type":"BreadcrumbList","@id":"https:\/\/biafish.hu\/rolunk\/#breadcrumb","itemListElement":[{"@type":"ListItem","position":1,"name":"Home","item":"https:\/\/biafish.hu\/"},{"@type":"ListItem","position":2,"name":"R\u00f3lunk"}]},{"@type":"WebSite","@id":"https:\/\/biafish.hu\/#website","url":"https:\/\/biafish.hu\/","name":"","description":"","potentialAction":[{"@type":"SearchAction","target":{"@type":"EntryPoint","urlTemplate":"https:\/\/biafish.hu\/?s={search_term_string}"},"query-input":{"@type":"PropertyValueSpecification","valueRequired":true,"valueName":"search_term_string"}}],"inLanguage":"en-GB"}]}},"_links":{"self":[{"href":"https:\/\/biafish.hu\/en\/wp-json\/wp\/v2\/pages\/344","targetHints":{"allow":["GET"]}}],"collection":[{"href":"https:\/\/biafish.hu\/en\/wp-json\/wp\/v2\/pages"}],"about":[{"href":"https:\/\/biafish.hu\/en\/wp-json\/wp\/v2\/types\/page"}],"author":[{"embeddable":true,"href":"https:\/\/biafish.hu\/en\/wp-json\/wp\/v2\/users\/1"}],"replies":[{"embeddable":true,"href":"https:\/\/biafish.hu\/en\/wp-json\/wp\/v2\/comments?post=344"}],"version-history":[{"count":0,"href":"https:\/\/biafish.hu\/en\/wp-json\/wp\/v2\/pages\/344\/revisions"}],"wp:attachment":[{"href":"https:\/\/biafish.hu\/en\/wp-json\/wp\/v2\/media?parent=344"}],"curies":[{"name":"wp","href":"https:\/\/api.w.org\/{rel}","templated":true}]}}