{"id":366,"date":"2023-02-09T14:06:56","date_gmt":"2023-02-09T14:06:56","guid":{"rendered":"https:\/\/biafish.hu\/?page_id=366"},"modified":"2023-02-14T10:54:01","modified_gmt":"2023-02-14T10:54:01","slug":"mult-es-jelen","status":"publish","type":"page","link":"https:\/\/biafish.hu\/en\/mult-es-jelen\/","title":{"rendered":"Past and Present"},"content":{"rendered":"<div data-elementor-type=\"wp-page\" data-elementor-id=\"366\" class=\"elementor elementor-366\" data-elementor-post-type=\"page\">\n\t\t\t\t\t\t<section class=\"elementor-section elementor-top-section elementor-element elementor-element-d0767a4 elementor-section-boxed elementor-section-height-default elementor-section-height-default\" data-id=\"d0767a4\" data-element_type=\"section\" data-e-type=\"section\" data-settings=\"{&quot;background_background&quot;:&quot;classic&quot;}\">\n\t\t\t\t\t\t<div class=\"elementor-container elementor-column-gap-default\">\n\t\t\t\t\t<div class=\"elementor-column elementor-col-100 elementor-top-column elementor-element elementor-element-ad72183\" data-id=\"ad72183\" data-element_type=\"column\" data-e-type=\"column\">\n\t\t\t<div class=\"elementor-widget-wrap elementor-element-populated\">\n\t\t\t\t\t\t<div class=\"elementor-element elementor-element-bf0ef78 elementor-widget elementor-widget-heading\" data-id=\"bf0ef78\" data-element_type=\"widget\" data-e-type=\"widget\" data-widget_type=\"heading.default\">\n\t\t\t\t<div class=\"elementor-widget-container\">\n\t\t\t\t\t<h2 class=\"elementor-heading-title elementor-size-xxl\">A biatorb\u00e1gyi halastavak t\u00f6rt\u00e9nete<\/h2>\t\t\t\t<\/div>\n\t\t\t\t<\/div>\n\t\t\t\t\t<\/div>\n\t\t<\/div>\n\t\t\t\t\t<\/div>\n\t\t<\/section>\n\t\t\t\t<section class=\"elementor-section elementor-top-section elementor-element elementor-element-4734fab2 elementor-section-boxed elementor-section-height-default elementor-section-height-default\" data-id=\"4734fab2\" data-element_type=\"section\" data-e-type=\"section\" data-settings=\"{&quot;background_background&quot;:&quot;classic&quot;}\">\n\t\t\t\t\t\t<div class=\"elementor-container elementor-column-gap-no\">\n\t\t\t\t\t<div class=\"elementor-column elementor-col-100 elementor-top-column elementor-element elementor-element-3b1a1c68\" data-id=\"3b1a1c68\" data-element_type=\"column\" data-e-type=\"column\">\n\t\t\t<div class=\"elementor-widget-wrap elementor-element-populated\">\n\t\t\t\t\t\t<section class=\"elementor-section elementor-inner-section elementor-element elementor-element-6a453a07 elementor-section-full_width elementor-section-content-middle elementor-section-height-default elementor-section-height-default\" data-id=\"6a453a07\" data-element_type=\"section\" data-e-type=\"section\">\n\t\t\t\t\t\t<div class=\"elementor-container elementor-column-gap-no\">\n\t\t\t\t\t<div class=\"elementor-column elementor-col-100 elementor-inner-column elementor-element elementor-element-aac20e9\" data-id=\"aac20e9\" data-element_type=\"column\" data-e-type=\"column\" data-settings=\"{&quot;background_background&quot;:&quot;classic&quot;}\">\n\t\t\t<div class=\"elementor-widget-wrap elementor-element-populated\">\n\t\t\t\t\t\t<div class=\"elementor-element elementor-element-7b0a7dc2 elementor-widget elementor-widget-text-editor\" data-id=\"7b0a7dc2\" data-element_type=\"widget\" data-e-type=\"widget\" data-settings=\"{&quot;_animation&quot;:&quot;none&quot;}\" data-widget_type=\"text-editor.default\">\n\t\t\t\t<div class=\"elementor-widget-container\">\n\t\t\t\t\t\t\t\t\t<p><strong>Middle Ages:<\/strong><\/p><p>Biai Fish Pond has a history of more than 1000 years. The lake is mentioned for the first time in a deed dated 1192, which then bore the name \"Sceledtou\", i.e. Lake Szel\u00edd. According to the maps, the lake with a smaller area than today was located next to the village.<\/p><p><strong>New Age:<\/strong><\/p><p>The lake functioned as a fishpond in the 18th century, but as a result of water regulation and siltation in the 19th century, it was used as a pasture. Two canals led through the dried-up meadow, which were named K\u00edgy\u00f3s and B\u00e9k\u00e1s streams, and they still feed the fish farm today.<\/p><p><strong>XX. century<\/strong><\/p><p>After the First World War, the Halbizom\u00e1nyi \u00e9s Hal\u00e9rt\u00e9kes\u00edt\u0151 Rt., established in 1922, dammed the valley in the place of the already drained Lake Bia, and created an artificial fish pond again.<\/p><p>In 1945, after the nationalizations, the Tata Fish Farm, and from 1968 the Tata State Farm took over the management of the water and fish farming.<\/p><p>In the 1970s, dredging and rearrangement followed again. As a result of continuous damming, the lake expanded by nearly 54 hectares, thus becoming the largest stillwater fish farm in the Zs\u00e1mb\u00e9ki basin. It was then that the current dams and sluice systems were created, which divide the current water mass into 5 parts (- today's lakes 1, 2, 3, 4 and 5 were created). In 1990, the fish ponds became the property of TEHAG from Sz\u00e1hahalombatta.<\/p><p class=\"translation-block\">After the dissolution of TEHAG, BIA-TEHAG Kft., under a new name BIAFISH Kft. since June 2022 , manages the lake unit, except for the upper lake number four. The upper (27-hectare) lake, known as Arizona Carp Lake, offers recreational opportunities for those who wish to do so as a large-fish fishing lake.<\/p><p>BIAFISH Kft. is owned by a second-generation fish farming family, which is a guarantee that extensive fish production will take place on the lakes in the future, in harmony with nature, providing a peaceful habitat for the fauna living here.<\/p><p>Source:<\/p><ul><li>biafutura.hu<\/li><li><a href=\"https:\/\/ertektar-biatorbagy.hu\/termeszeti-kornyezet\/halasto\/\">ertektar-biatorbagy.hu\/termeszeti-kornyezet\/halasto\/<\/a><\/li><\/ul>\t\t\t\t\t\t\t\t<\/div>\n\t\t\t\t<\/div>\n\t\t\t\t<div class=\"elementor-element elementor-element-a52d475 elementor-button-danger elementor-align-left elementor-widget elementor-widget-button\" data-id=\"a52d475\" data-element_type=\"widget\" data-e-type=\"widget\" data-settings=\"{&quot;_animation&quot;:&quot;none&quot;}\" data-widget_type=\"button.default\">\n\t\t\t\t<div class=\"elementor-widget-container\">\n\t\t\t\t\t\t\t\t\t<div class=\"elementor-button-wrapper\">\n\t\t\t\t\t<a class=\"elementor-button elementor-button-link elementor-size-md\" href=\"https:\/\/biafish.hu\/en\/halaink\/\">\n\t\t\t\t\t\t<span class=\"elementor-button-content-wrapper\">\n\t\t\t\t\t\t\t\t\t<span class=\"elementor-button-text\">Tov\u00e1bb a halfajt\u00e1kra<\/span>\n\t\t\t\t\t<\/span>\n\t\t\t\t\t<\/a>\n\t\t\t\t<\/div>\n\t\t\t\t\t\t\t\t<\/div>\n\t\t\t\t<\/div>\n\t\t\t\t\t<\/div>\n\t\t<\/div>\n\t\t\t\t\t<\/div>\n\t\t<\/section>\n\t\t\t\t\t<\/div>\n\t\t<\/div>\n\t\t\t\t\t<\/div>\n\t\t<\/section>\n\t\t\t\t<section class=\"elementor-section elementor-top-section elementor-element elementor-element-60ae84a1 elementor-section-boxed elementor-section-height-default elementor-section-height-default\" data-id=\"60ae84a1\" data-element_type=\"section\" data-e-type=\"section\">\n\t\t\t\t\t\t<div class=\"elementor-container elementor-column-gap-default\">\n\t\t\t\t\t\t<\/div>\n\t\t<\/section>\n\t\t\t\t<section class=\"elementor-section elementor-top-section elementor-element elementor-element-b583018 elementor-section-boxed elementor-section-height-default elementor-section-height-default\" data-id=\"b583018\" data-element_type=\"section\" data-e-type=\"section\">\n\t\t\t\t\t\t<div class=\"elementor-container elementor-column-gap-default\">\n\t\t\t\t\t\t<\/div>\n\t\t<\/section>\n\t\t\t\t<\/div>","protected":false},"excerpt":{"rendered":"<p>A biatorb\u00e1gyi halastavak t\u00f6rt\u00e9nete K\u00f6z\u00e9pkor: A Biai Halast\u00f3 m\u00e1r t\u00f6bb mint 1000 \u00e9ves m\u00faltra tekint vissza. A tavat egy 1192-ben dat\u00e1lt oklev\u00e9lben eml\u00edtik el\u0151sz\u00f6r, mely ekkor a \u201eSceledtou\u201d, azaz Szel\u00edd-t\u00f3 nevet viselte. A t\u00e9rk\u00e9pek alapj\u00e1n a falu mellett a main\u00e1l kisebb ter\u00fclet\u0171 t\u00f3 helyezkedett el. \u00dajkor: A t\u00f3 a 18. sz\u00e1zadban halast\u00f3k\u00e9nt m\u0171k\u00f6d\u00f6tt, de a [&hellip;]<\/p>\n","protected":false},"author":1,"featured_media":0,"parent":0,"menu_order":0,"comment_status":"closed","ping_status":"closed","template":"","meta":{"footnotes":""},"class_list":["post-366","page","type-page","status-publish","hentry"],"yoast_head":"<!-- This site is optimized with the Yoast SEO Premium plugin v26.2 (Yoast SEO v27.5) - https:\/\/yoast.com\/product\/yoast-seo-premium-wordpress\/ -->\n<title>M\u00falt \u00e9s jelen -<\/title>\n<meta name=\"robots\" content=\"index, follow, max-snippet:-1, max-image-preview:large, max-video-preview:-1\" \/>\n<link rel=\"canonical\" href=\"https:\/\/biafish.hu\/en\/mult-es-jelen\/\" \/>\n<meta property=\"og:locale\" content=\"en_GB\" \/>\n<meta property=\"og:type\" content=\"article\" \/>\n<meta property=\"og:title\" content=\"M\u00falt \u00e9s jelen\" \/>\n<meta property=\"og:description\" content=\"A biatorb\u00e1gyi halastavak t\u00f6rt\u00e9nete K\u00f6z\u00e9pkor: A Biai Halast\u00f3 m\u00e1r t\u00f6bb mint 1000 \u00e9ves m\u00faltra tekint vissza. A tavat egy 1192-ben dat\u00e1lt oklev\u00e9lben eml\u00edtik el\u0151sz\u00f6r, mely ekkor a \u201eSceledtou\u201d, azaz Szel\u00edd-t\u00f3 nevet viselte. A t\u00e9rk\u00e9pek alapj\u00e1n a falu mellett a main\u00e1l kisebb ter\u00fclet\u0171 t\u00f3 helyezkedett el. \u00dajkor: A t\u00f3 a 18. sz\u00e1zadban halast\u00f3k\u00e9nt m\u0171k\u00f6d\u00f6tt, de a [&hellip;]\" \/>\n<meta property=\"og:url\" content=\"https:\/\/biafish.hu\/en\/mult-es-jelen\/\" \/>\n<meta property=\"article:modified_time\" content=\"2023-02-14T10:54:01+00:00\" \/>\n<meta name=\"twitter:card\" content=\"summary_large_image\" \/>\n<meta name=\"twitter:label1\" content=\"Estimated reading time\" \/>\n\t<meta name=\"twitter:data1\" content=\"2 minutes\" \/>\n<script type=\"application\/ld+json\" class=\"yoast-schema-graph\">{\"@context\":\"https:\\\/\\\/schema.org\",\"@graph\":[{\"@type\":\"WebPage\",\"@id\":\"https:\\\/\\\/biafish.hu\\\/mult-es-jelen\\\/\",\"url\":\"https:\\\/\\\/biafish.hu\\\/mult-es-jelen\\\/\",\"name\":\"M\u00falt \u00e9s jelen -\",\"isPartOf\":{\"@id\":\"https:\\\/\\\/biafish.hu\\\/#website\"},\"datePublished\":\"2023-02-09T14:06:56+00:00\",\"dateModified\":\"2023-02-14T10:54:01+00:00\",\"breadcrumb\":{\"@id\":\"https:\\\/\\\/biafish.hu\\\/mult-es-jelen\\\/#breadcrumb\"},\"inLanguage\":\"en-GB\",\"potentialAction\":[{\"@type\":\"ReadAction\",\"target\":[\"https:\\\/\\\/biafish.hu\\\/mult-es-jelen\\\/\"]}]},{\"@type\":\"BreadcrumbList\",\"@id\":\"https:\\\/\\\/biafish.hu\\\/mult-es-jelen\\\/#breadcrumb\",\"itemListElement\":[{\"@type\":\"ListItem\",\"position\":1,\"name\":\"Home\",\"item\":\"https:\\\/\\\/biafish.hu\\\/\"},{\"@type\":\"ListItem\",\"position\":2,\"name\":\"M\u00falt \u00e9s jelen\"}]},{\"@type\":\"WebSite\",\"@id\":\"https:\\\/\\\/biafish.hu\\\/#website\",\"url\":\"https:\\\/\\\/biafish.hu\\\/\",\"name\":\"\",\"description\":\"\",\"potentialAction\":[{\"@type\":\"SearchAction\",\"target\":{\"@type\":\"EntryPoint\",\"urlTemplate\":\"https:\\\/\\\/biafish.hu\\\/?s={search_term_string}\"},\"query-input\":{\"@type\":\"PropertyValueSpecification\",\"valueRequired\":true,\"valueName\":\"search_term_string\"}}],\"inLanguage\":\"en-GB\"}]}<\/script>\n<!-- \/ Yoast SEO Premium plugin. -->","yoast_head_json":{"title":"M\u00falt \u00e9s jelen -","robots":{"index":"index","follow":"follow","max-snippet":"max-snippet:-1","max-image-preview":"max-image-preview:large","max-video-preview":"max-video-preview:-1"},"canonical":"https:\/\/biafish.hu\/en\/mult-es-jelen\/","og_locale":"en_GB","og_type":"article","og_title":"M\u00falt \u00e9s jelen","og_description":"A biatorb\u00e1gyi halastavak t\u00f6rt\u00e9nete K\u00f6z\u00e9pkor: A Biai Halast\u00f3 m\u00e1r t\u00f6bb mint 1000 \u00e9ves m\u00faltra tekint vissza. A tavat egy 1192-ben dat\u00e1lt oklev\u00e9lben eml\u00edtik el\u0151sz\u00f6r, mely ekkor a \u201eSceledtou\u201d, azaz Szel\u00edd-t\u00f3 nevet viselte. A t\u00e9rk\u00e9pek alapj\u00e1n a falu mellett a main\u00e1l kisebb ter\u00fclet\u0171 t\u00f3 helyezkedett el. \u00dajkor: A t\u00f3 a 18. sz\u00e1zadban halast\u00f3k\u00e9nt m\u0171k\u00f6d\u00f6tt, de a [&hellip;]","og_url":"https:\/\/biafish.hu\/en\/mult-es-jelen\/","article_modified_time":"2023-02-14T10:54:01+00:00","twitter_card":"summary_large_image","twitter_misc":{"Estimated reading time":"2 minutes"},"schema":{"@context":"https:\/\/schema.org","@graph":[{"@type":"WebPage","@id":"https:\/\/biafish.hu\/mult-es-jelen\/","url":"https:\/\/biafish.hu\/mult-es-jelen\/","name":"M\u00falt \u00e9s jelen -","isPartOf":{"@id":"https:\/\/biafish.hu\/#website"},"datePublished":"2023-02-09T14:06:56+00:00","dateModified":"2023-02-14T10:54:01+00:00","breadcrumb":{"@id":"https:\/\/biafish.hu\/mult-es-jelen\/#breadcrumb"},"inLanguage":"en-GB","potentialAction":[{"@type":"ReadAction","target":["https:\/\/biafish.hu\/mult-es-jelen\/"]}]},{"@type":"BreadcrumbList","@id":"https:\/\/biafish.hu\/mult-es-jelen\/#breadcrumb","itemListElement":[{"@type":"ListItem","position":1,"name":"Home","item":"https:\/\/biafish.hu\/"},{"@type":"ListItem","position":2,"name":"M\u00falt \u00e9s jelen"}]},{"@type":"WebSite","@id":"https:\/\/biafish.hu\/#website","url":"https:\/\/biafish.hu\/","name":"","description":"","potentialAction":[{"@type":"SearchAction","target":{"@type":"EntryPoint","urlTemplate":"https:\/\/biafish.hu\/?s={search_term_string}"},"query-input":{"@type":"PropertyValueSpecification","valueRequired":true,"valueName":"search_term_string"}}],"inLanguage":"en-GB"}]}},"_links":{"self":[{"href":"https:\/\/biafish.hu\/en\/wp-json\/wp\/v2\/pages\/366","targetHints":{"allow":["GET"]}}],"collection":[{"href":"https:\/\/biafish.hu\/en\/wp-json\/wp\/v2\/pages"}],"about":[{"href":"https:\/\/biafish.hu\/en\/wp-json\/wp\/v2\/types\/page"}],"author":[{"embeddable":true,"href":"https:\/\/biafish.hu\/en\/wp-json\/wp\/v2\/users\/1"}],"replies":[{"embeddable":true,"href":"https:\/\/biafish.hu\/en\/wp-json\/wp\/v2\/comments?post=366"}],"version-history":[{"count":0,"href":"https:\/\/biafish.hu\/en\/wp-json\/wp\/v2\/pages\/366\/revisions"}],"wp:attachment":[{"href":"https:\/\/biafish.hu\/en\/wp-json\/wp\/v2\/media?parent=366"}],"curies":[{"name":"wp","href":"https:\/\/api.w.org\/{rel}","templated":true}]}}