{"id":344,"date":"2023-02-09T13:48:27","date_gmt":"2023-02-09T13:48:27","guid":{"rendered":"https:\/\/biafish.hu\/?page_id=344"},"modified":"2023-02-14T10:51:02","modified_gmt":"2023-02-14T10:51:02","slug":"rolunk","status":"publish","type":"page","link":"https:\/\/biafish.hu\/sk\/rolunk\/","title":{"rendered":"O n\u00e1s"},"content":{"rendered":"<div data-elementor-type=\"wp-page\" data-elementor-id=\"344\" class=\"elementor elementor-344\" data-elementor-post-type=\"page\">\n\t\t\t\t\t\t<section class=\"elementor-section elementor-top-section elementor-element elementor-element-7557016 elementor-section-boxed elementor-section-height-default elementor-section-height-default\" data-id=\"7557016\" data-element_type=\"section\" data-e-type=\"section\" data-settings=\"{&quot;background_background&quot;:&quot;classic&quot;}\">\n\t\t\t\t\t\t<div class=\"elementor-container elementor-column-gap-default\">\n\t\t\t\t\t<div class=\"elementor-column elementor-col-100 elementor-top-column elementor-element elementor-element-39298d0\" data-id=\"39298d0\" data-element_type=\"column\" data-e-type=\"column\">\n\t\t\t<div class=\"elementor-widget-wrap elementor-element-populated\">\n\t\t\t\t\t\t<div class=\"elementor-element elementor-element-df6b7f1 elementor-widget elementor-widget-heading\" data-id=\"df6b7f1\" data-element_type=\"widget\" data-e-type=\"widget\" data-widget_type=\"heading.default\">\n\t\t\t\t<div class=\"elementor-widget-container\">\n\t\t\t\t\t<h2 class=\"elementor-heading-title elementor-size-xxl\">O n\u00e1s<\/h2>\t\t\t\t<\/div>\n\t\t\t\t<\/div>\n\t\t\t\t\t<\/div>\n\t\t<\/div>\n\t\t\t\t\t<\/div>\n\t\t<\/section>\n\t\t\t\t<section class=\"elementor-section elementor-top-section elementor-element elementor-element-84e4986 elementor-section-boxed elementor-section-height-default elementor-section-height-default\" data-id=\"84e4986\" data-element_type=\"section\" data-e-type=\"section\">\n\t\t\t\t\t\t<div class=\"elementor-container elementor-column-gap-default\">\n\t\t\t\t\t<div class=\"elementor-column elementor-col-100 elementor-top-column elementor-element elementor-element-93520bc\" data-id=\"93520bc\" data-element_type=\"column\" data-e-type=\"column\">\n\t\t\t<div class=\"elementor-widget-wrap elementor-element-populated\">\n\t\t\t\t\t\t<div class=\"elementor-element elementor-element-2461318 elementor-widget elementor-widget-text-editor\" data-id=\"2461318\" data-element_type=\"widget\" data-e-type=\"widget\" data-settings=\"{&quot;_animation&quot;:&quot;none&quot;}\" data-widget_type=\"text-editor.default\">\n\t\t\t\t<div class=\"elementor-widget-container\">\n\t\t\t\t\t\t\t\t\t<p><strong><em>Hist\u00f3ria spolo\u010dnosti:<\/em><\/strong><\/p>\n<p class=\"translation-block\">Po privatiz\u00e1cii spolo\u010dnosti TEHAG Kft. (Temper\u00e1ltviz\u0171 Halszapor\u00edt\u00f3 Gazdas\u00e1g) - ako jej n\u00e1stupcu - v roku 2009 na\u0161a spolo\u010dnos\u0165 za\u010dala svoju \u010dinnos\u0165 na rybn\u00edkoch Biatorb\u00e1gy pod n\u00e1zvom BIA-TEHAG Kft. Na\u0161a spolo\u010dnos\u0165 20.06.2022. na\u010falej p\u00f4sob\u00ed pod n\u00e1zvom Biafish Kft. V s\u00fa\u010dasnosti sa zaober\u00e1me chovom sladkovodn\u00fdch r\u00fdb na ploche viac ako 150 hekt\u00e1rov. Hlavn\u00fdmi druhmi r\u00fdb v na\u0161ich jazer\u00e1ch s\u00fa kapor, zub\u00e1\u010d ve\u013eko\u00fasty, \u0161\u0165uka, amur a karas, ale pod\u013ea potrieb z\u00e1kazn\u00edkov chov\u00e1me aj tolstolobik biely (Hypophthalmichthys molitrix), plesk\u00e1\u010d vysok\u00fd (Abramis brama), lie\u0148 sliznat\u00fd (Tinca tinca), Sumec ve\u013ek\u00fd (Silurus glanis), jesetery.<\/p>\n<p><strong><em>Sp\u00f4sob v\u00fdroby:<\/em><\/strong><\/p>\n<p>Pri v\u00fdrobe sa sna\u017e\u00edme v maxim\u00e1lnej mo\u017enej miere vyu\u017ei\u0165 prirodzen\u00fa v\u00fddatnos\u0165 jazier s polykult\u00farnou popul\u00e1ciou (chov\u00e1me spolu viacero druhov r\u00fdb), ako doplnkov\u00e9 krmivo k\u0155mime na\u0161e ryby p\u0161enicou a tritikale. Okrem priazniv\u00fdch environment\u00e1lnych vlastnost\u00ed na\u0161ich jazier je n\u00edzka hustota r\u00fdb a dokonal\u00e1 kvalita krmiva abrak z\u00e1rukou zdrav\u00e9ho, n\u00edzkotu\u010dn\u00e9ho m\u00e4sa a chutn\u00fdch r\u00fdb Bia.<\/p>\n<p><strong><em>Na\u0161a cie\u013eov\u00e1 skupina:<\/em><\/strong><\/p>\n<p>V\u00e4\u010d\u0161inu \u00farody pred\u00e1 do rybn\u00edkov, no vo viano\u010dnom obdob\u00ed si n\u00e1s ako dod\u00e1vate\u013ea \u010dasto vyberaj\u00fa predajcovia r\u00fdb a predajne r\u00fdb.<\/p>\n<p><strong><em>Ve\u013ekos\u0165 chovan\u00fdch r\u00fdb:<\/em><\/strong><\/p>\n<p>Okrem produkcie trhov\u00fdch trojro\u010dn\u00fdch r\u00fdb chov\u00e1me a pred\u00e1vame aj jedno a dvojro\u010dn\u00e9 ryby, chov\u00e1me aj exempl\u00e1re kapra a amurov s hmotnos\u0165ou nad 10 kg. \u00da\u010delom produkcie 1- a 2-ro\u010dn\u00fdch r\u00fdb je predov\u0161etk\u00fdm uspokojovanie vlastn\u00fdch potrieb,\nprebytky pred\u00e1vame in\u00fdm producentom.<\/p>\n<p><strong><em>Ro\u010dn\u00fd cyklus produkcie r\u00fdb:<\/em><\/strong><\/p>\n<p>Produkcia r\u00fdb za\u010d\u00edna zaryb\u0148ovan\u00edm po zimnom napusten\u00ed rybn\u00edkov. S jarn\u00fdm otep\u013eovan\u00edm sa dramaticky zvy\u0161uje mno\u017estvo plankt\u00f3nov, ktor\u00e9 sl\u00fa\u017eia ako v\u00fdborn\u00e1 potrava pre zimou oslaben\u00fa rybiu obs\u00e1dku. S prikrmovan\u00edm za\u010d\u00edname koncom apr\u00edla, ktor\u00e9 trv\u00e1 do polovice okt\u00f3bra. Ryby zvy\u010dajne do j\u00fala dosahuj\u00fa ve\u013ekos\u0165 2-3 kg. V lete realizujeme prerie\u010fovac\u00ed rybolov nasledovn\u00fdm sp\u00f4sobom: vodu z jazera nevyp\u00fa\u0161\u0165ame, ale ryby privyk\u00e1me na \u010das\u0165 jazera bez t\u0155stia, na plytkom brehu (krmivo tam rozlo\u017e\u00edme na 1- 2 mesiace).  Koncom j\u00fala a za\u010diatkom augusta je obkolesenie r\u00fdb sie\u0165ou zvy\u010dajne \u00faspe\u0161n\u00e9. Do siete sa v\u00e4\u010d\u0161inou chytia len trhov\u00e9 kapry a pr\u00edpadne amury, ktor\u00e9 sa dov\u00e1\u017eaj\u00fa do v\u00fdlovn\u00fdch rybn\u00edkov vypr\u00e1zdnen\u00e9 po\u010das letnej sez\u00f3ny. Na jese\u0148 sa metabolizmus r\u00fdb spoma\u013euje, vtedy prest\u00e1vame k\u0155mi\u0165 a za\u010d\u00edname vyp\u00fa\u0161\u0165a\u0165 rybn\u00edky. Od za\u010diatku jesennej ryb\u00e1rskej sez\u00f3ny je z\u00e1kazn\u00edkom k dispoz\u00edcii cel\u00fd sortiment, z ktor\u00e9ho 80 % sa pred\u00e1va v mesiacoch november \u2013 december. Na jar pred\u00e1me zvy\u0161n\u00e9 z\u00e1soby trhov\u00fdch r\u00fdb a potom chyt\u00ed 1- a 2-ro\u010dn\u00e9 ryby, umiestnime ich do jazierok a potom za\u010dneme odznova...<\/p>\n<p>Ako hovor\u00ed star\u00e9 pr\u00edslovie: \u201eKr\u00e1sa rybolovu je v tom, \u017ee ka\u017ed\u00fd rok m\u00f4\u017eete za\u010da\u0165 odznova.\u201c<\/p>\t\t\t\t\t\t\t\t<\/div>\n\t\t\t\t<\/div>\n\t\t\t\t<div class=\"elementor-element elementor-element-10b4084 elementor-button-danger elementor-align-left elementor-widget elementor-widget-button\" data-id=\"10b4084\" data-element_type=\"widget\" data-e-type=\"widget\" data-settings=\"{&quot;_animation&quot;:&quot;none&quot;}\" data-widget_type=\"button.default\">\n\t\t\t\t<div class=\"elementor-widget-container\">\n\t\t\t\t\t\t\t\t\t<div class=\"elementor-button-wrapper\">\n\t\t\t\t\t<a class=\"elementor-button elementor-button-link elementor-size-md\" href=\"https:\/\/biafish.hu\/sk\/mult-es-jelen\/\">\n\t\t\t\t\t\t<span class=\"elementor-button-content-wrapper\">\n\t\t\t\t\t\t\t\t\t<span class=\"elementor-button-text\">\u010ealej: \"Minulos\u0165 a s\u00fa\u010dasnos\u0165\"<\/span>\n\t\t\t\t\t<\/span>\n\t\t\t\t\t<\/a>\n\t\t\t\t<\/div>\n\t\t\t\t\t\t\t\t<\/div>\n\t\t\t\t<\/div>\n\t\t\t\t\t<\/div>\n\t\t<\/div>\n\t\t\t\t\t<\/div>\n\t\t<\/section>\n\t\t\t\t<section class=\"elementor-section elementor-top-section elementor-element elementor-element-60ae84a1 elementor-section-boxed elementor-section-height-default elementor-section-height-default\" data-id=\"60ae84a1\" data-element_type=\"section\" data-e-type=\"section\">\n\t\t\t\t\t\t<div class=\"elementor-container elementor-column-gap-default\">\n\t\t\t\t\t\t<\/div>\n\t\t<\/section>\n\t\t\t\t<section class=\"elementor-section elementor-top-section elementor-element elementor-element-b583018 elementor-section-boxed elementor-section-height-default elementor-section-height-default\" data-id=\"b583018\" data-element_type=\"section\" data-e-type=\"section\">\n\t\t\t\t\t\t<div class=\"elementor-container elementor-column-gap-default\">\n\t\t\t\t\t\t<\/div>\n\t\t<\/section>\n\t\t\t\t<\/div>","protected":false},"excerpt":{"rendered":"<p>R\u00f3lunk C\u00e9gt\u00f6rt\u00e9net: C\u00e9g\u00fcnk a TEHAG Kft. (Temper\u00e1ltviz\u0171 Halszapor\u00edt\u00f3 Gazdas\u00e1g) privatiz\u00e1ci\u00f3ja ut\u00e1n \u2013 annak ut\u00f3djak\u00e9nt \u2013 2009-ben kezdte meg tev\u00e9kenys\u00e9g\u00e9t a biatorb\u00e1gyi halastavakon BIA-TEHAG Kft. n\u00e9ven. V\u00e1llalkoz\u00e1sunk 2022.06.20. \u00f3ta Biafish Kft. n\u00e9ven m\u0171k\u00f6dik tov\u00e1bb. Jelenleg t\u00f6bb mint 150 hekt\u00e1r ter\u00fcleten folytatunk \u00e9desv\u00edzi halgazd\u00e1lkod\u00e1st. Tavaink f\u0151 halfaja a ponty, s\u00fcll\u0151, csuka, amur \u00e9s k\u00e1r\u00e1sz, de a vev\u0151i [&hellip;]<\/p>\n","protected":false},"author":1,"featured_media":0,"parent":0,"menu_order":0,"comment_status":"closed","ping_status":"closed","template":"","meta":{"footnotes":""},"class_list":["post-344","page","type-page","status-publish","hentry"],"yoast_head":"<!-- This site is optimized with the Yoast SEO Premium plugin v26.2 (Yoast SEO v27.3) - https:\/\/yoast.com\/product\/yoast-seo-premium-wordpress\/ -->\n<title>R\u00f3lunk -<\/title>\n<meta name=\"robots\" content=\"index, follow, max-snippet:-1, max-image-preview:large, max-video-preview:-1\" \/>\n<link rel=\"canonical\" href=\"https:\/\/biafish.hu\/sk\/rolunk\/\" \/>\n<meta property=\"og:locale\" content=\"sk_SK\" \/>\n<meta property=\"og:type\" content=\"article\" \/>\n<meta property=\"og:title\" content=\"R\u00f3lunk\" \/>\n<meta property=\"og:description\" content=\"R\u00f3lunk C\u00e9gt\u00f6rt\u00e9net: C\u00e9g\u00fcnk a TEHAG Kft. (Temper\u00e1ltviz\u0171 Halszapor\u00edt\u00f3 Gazdas\u00e1g) privatiz\u00e1ci\u00f3ja ut\u00e1n \u2013 annak ut\u00f3djak\u00e9nt \u2013 2009-ben kezdte meg tev\u00e9kenys\u00e9g\u00e9t a biatorb\u00e1gyi halastavakon BIA-TEHAG Kft. n\u00e9ven. V\u00e1llalkoz\u00e1sunk 2022.06.20. \u00f3ta Biafish Kft. n\u00e9ven m\u0171k\u00f6dik tov\u00e1bb. Jelenleg t\u00f6bb mint 150 hekt\u00e1r ter\u00fcleten folytatunk \u00e9desv\u00edzi halgazd\u00e1lkod\u00e1st. Tavaink f\u0151 halfaja a ponty, s\u00fcll\u0151, csuka, amur \u00e9s k\u00e1r\u00e1sz, de a vev\u0151i [&hellip;]\" \/>\n<meta property=\"og:url\" content=\"https:\/\/biafish.hu\/sk\/rolunk\/\" \/>\n<meta property=\"article:modified_time\" content=\"2023-02-14T10:51:02+00:00\" \/>\n<meta name=\"twitter:card\" content=\"summary_large_image\" \/>\n<meta name=\"twitter:label1\" content=\"Predpokladan\u00fd \u010das \u010d\u00edtania\" \/>\n\t<meta name=\"twitter:data1\" content=\"2 min\u00faty\" \/>\n<script type=\"application\/ld+json\" class=\"yoast-schema-graph\">{\"@context\":\"https:\\\/\\\/schema.org\",\"@graph\":[{\"@type\":\"WebPage\",\"@id\":\"https:\\\/\\\/biafish.hu\\\/rolunk\\\/\",\"url\":\"https:\\\/\\\/biafish.hu\\\/rolunk\\\/\",\"name\":\"R\u00f3lunk -\",\"isPartOf\":{\"@id\":\"https:\\\/\\\/biafish.hu\\\/#website\"},\"datePublished\":\"2023-02-09T13:48:27+00:00\",\"dateModified\":\"2023-02-14T10:51:02+00:00\",\"breadcrumb\":{\"@id\":\"https:\\\/\\\/biafish.hu\\\/rolunk\\\/#breadcrumb\"},\"inLanguage\":\"sk-SK\",\"potentialAction\":[{\"@type\":\"ReadAction\",\"target\":[\"https:\\\/\\\/biafish.hu\\\/rolunk\\\/\"]}]},{\"@type\":\"BreadcrumbList\",\"@id\":\"https:\\\/\\\/biafish.hu\\\/rolunk\\\/#breadcrumb\",\"itemListElement\":[{\"@type\":\"ListItem\",\"position\":1,\"name\":\"Home\",\"item\":\"https:\\\/\\\/biafish.hu\\\/\"},{\"@type\":\"ListItem\",\"position\":2,\"name\":\"R\u00f3lunk\"}]},{\"@type\":\"WebSite\",\"@id\":\"https:\\\/\\\/biafish.hu\\\/#website\",\"url\":\"https:\\\/\\\/biafish.hu\\\/\",\"name\":\"\",\"description\":\"\",\"potentialAction\":[{\"@type\":\"SearchAction\",\"target\":{\"@type\":\"EntryPoint\",\"urlTemplate\":\"https:\\\/\\\/biafish.hu\\\/?s={search_term_string}\"},\"query-input\":{\"@type\":\"PropertyValueSpecification\",\"valueRequired\":true,\"valueName\":\"search_term_string\"}}],\"inLanguage\":\"sk-SK\"}]}<\/script>\n<!-- \/ Yoast SEO Premium plugin. -->","yoast_head_json":{"title":"R\u00f3lunk -","robots":{"index":"index","follow":"follow","max-snippet":"max-snippet:-1","max-image-preview":"max-image-preview:large","max-video-preview":"max-video-preview:-1"},"canonical":"https:\/\/biafish.hu\/sk\/rolunk\/","og_locale":"sk_SK","og_type":"article","og_title":"R\u00f3lunk","og_description":"R\u00f3lunk C\u00e9gt\u00f6rt\u00e9net: C\u00e9g\u00fcnk a TEHAG Kft. (Temper\u00e1ltviz\u0171 Halszapor\u00edt\u00f3 Gazdas\u00e1g) privatiz\u00e1ci\u00f3ja ut\u00e1n \u2013 annak ut\u00f3djak\u00e9nt \u2013 2009-ben kezdte meg tev\u00e9kenys\u00e9g\u00e9t a biatorb\u00e1gyi halastavakon BIA-TEHAG Kft. n\u00e9ven. V\u00e1llalkoz\u00e1sunk 2022.06.20. \u00f3ta Biafish Kft. n\u00e9ven m\u0171k\u00f6dik tov\u00e1bb. Jelenleg t\u00f6bb mint 150 hekt\u00e1r ter\u00fcleten folytatunk \u00e9desv\u00edzi halgazd\u00e1lkod\u00e1st. Tavaink f\u0151 halfaja a ponty, s\u00fcll\u0151, csuka, amur \u00e9s k\u00e1r\u00e1sz, de a vev\u0151i [&hellip;]","og_url":"https:\/\/biafish.hu\/sk\/rolunk\/","article_modified_time":"2023-02-14T10:51:02+00:00","twitter_card":"summary_large_image","twitter_misc":{"Predpokladan\u00fd \u010das \u010d\u00edtania":"2 min\u00faty"},"schema":{"@context":"https:\/\/schema.org","@graph":[{"@type":"WebPage","@id":"https:\/\/biafish.hu\/rolunk\/","url":"https:\/\/biafish.hu\/rolunk\/","name":"R\u00f3lunk -","isPartOf":{"@id":"https:\/\/biafish.hu\/#website"},"datePublished":"2023-02-09T13:48:27+00:00","dateModified":"2023-02-14T10:51:02+00:00","breadcrumb":{"@id":"https:\/\/biafish.hu\/rolunk\/#breadcrumb"},"inLanguage":"sk-SK","potentialAction":[{"@type":"ReadAction","target":["https:\/\/biafish.hu\/rolunk\/"]}]},{"@type":"BreadcrumbList","@id":"https:\/\/biafish.hu\/rolunk\/#breadcrumb","itemListElement":[{"@type":"ListItem","position":1,"name":"Home","item":"https:\/\/biafish.hu\/"},{"@type":"ListItem","position":2,"name":"R\u00f3lunk"}]},{"@type":"WebSite","@id":"https:\/\/biafish.hu\/#website","url":"https:\/\/biafish.hu\/","name":"","description":"","potentialAction":[{"@type":"SearchAction","target":{"@type":"EntryPoint","urlTemplate":"https:\/\/biafish.hu\/?s={search_term_string}"},"query-input":{"@type":"PropertyValueSpecification","valueRequired":true,"valueName":"search_term_string"}}],"inLanguage":"sk-SK"}]}},"_links":{"self":[{"href":"https:\/\/biafish.hu\/sk\/wp-json\/wp\/v2\/pages\/344","targetHints":{"allow":["GET"]}}],"collection":[{"href":"https:\/\/biafish.hu\/sk\/wp-json\/wp\/v2\/pages"}],"about":[{"href":"https:\/\/biafish.hu\/sk\/wp-json\/wp\/v2\/types\/page"}],"author":[{"embeddable":true,"href":"https:\/\/biafish.hu\/sk\/wp-json\/wp\/v2\/users\/1"}],"replies":[{"embeddable":true,"href":"https:\/\/biafish.hu\/sk\/wp-json\/wp\/v2\/comments?post=344"}],"version-history":[{"count":0,"href":"https:\/\/biafish.hu\/sk\/wp-json\/wp\/v2\/pages\/344\/revisions"}],"wp:attachment":[{"href":"https:\/\/biafish.hu\/sk\/wp-json\/wp\/v2\/media?parent=344"}],"curies":[{"name":"wp","href":"https:\/\/api.w.org\/{rel}","templated":true}]}}