{"id":366,"date":"2023-02-09T14:06:56","date_gmt":"2023-02-09T14:06:56","guid":{"rendered":"https:\/\/biafish.hu\/?page_id=366"},"modified":"2023-02-14T10:54:01","modified_gmt":"2023-02-14T10:54:01","slug":"mult-es-jelen","status":"publish","type":"page","link":"https:\/\/biafish.hu\/sk\/mult-es-jelen\/","title":{"rendered":"Minulos\u0165 a s\u00fa\u010dasnos\u0165 na\u0161ich jazier"},"content":{"rendered":"<div data-elementor-type=\"wp-page\" data-elementor-id=\"366\" class=\"elementor elementor-366\" data-elementor-post-type=\"page\">\n\t\t\t\t\t\t<section class=\"elementor-section elementor-top-section elementor-element elementor-element-d0767a4 elementor-section-boxed elementor-section-height-default elementor-section-height-default\" data-id=\"d0767a4\" data-element_type=\"section\" data-e-type=\"section\" data-settings=\"{&quot;background_background&quot;:&quot;classic&quot;}\">\n\t\t\t\t\t\t<div class=\"elementor-container elementor-column-gap-default\">\n\t\t\t\t\t<div class=\"elementor-column elementor-col-100 elementor-top-column elementor-element elementor-element-ad72183\" data-id=\"ad72183\" data-element_type=\"column\" data-e-type=\"column\">\n\t\t\t<div class=\"elementor-widget-wrap elementor-element-populated\">\n\t\t\t\t\t\t<div class=\"elementor-element elementor-element-bf0ef78 elementor-widget elementor-widget-heading\" data-id=\"bf0ef78\" data-element_type=\"widget\" data-e-type=\"widget\" data-widget_type=\"heading.default\">\n\t\t\t\t<div class=\"elementor-widget-container\">\n\t\t\t\t\t<h2 class=\"elementor-heading-title elementor-size-xxl\">Hist\u00f3ria rybn\u00edkov Biatorb\u00e1gy<\/h2>\t\t\t\t<\/div>\n\t\t\t\t<\/div>\n\t\t\t\t\t<\/div>\n\t\t<\/div>\n\t\t\t\t\t<\/div>\n\t\t<\/section>\n\t\t\t\t<section class=\"elementor-section elementor-top-section elementor-element elementor-element-4734fab2 elementor-section-boxed elementor-section-height-default elementor-section-height-default\" data-id=\"4734fab2\" data-element_type=\"section\" data-e-type=\"section\" data-settings=\"{&quot;background_background&quot;:&quot;classic&quot;}\">\n\t\t\t\t\t\t<div class=\"elementor-container elementor-column-gap-no\">\n\t\t\t\t\t<div class=\"elementor-column elementor-col-100 elementor-top-column elementor-element elementor-element-3b1a1c68\" data-id=\"3b1a1c68\" data-element_type=\"column\" data-e-type=\"column\">\n\t\t\t<div class=\"elementor-widget-wrap elementor-element-populated\">\n\t\t\t\t\t\t<section class=\"elementor-section elementor-inner-section elementor-element elementor-element-6a453a07 elementor-section-full_width elementor-section-content-middle elementor-section-height-default elementor-section-height-default\" data-id=\"6a453a07\" data-element_type=\"section\" data-e-type=\"section\">\n\t\t\t\t\t\t<div class=\"elementor-container elementor-column-gap-no\">\n\t\t\t\t\t<div class=\"elementor-column elementor-col-100 elementor-inner-column elementor-element elementor-element-aac20e9\" data-id=\"aac20e9\" data-element_type=\"column\" data-e-type=\"column\" data-settings=\"{&quot;background_background&quot;:&quot;classic&quot;}\">\n\t\t\t<div class=\"elementor-widget-wrap elementor-element-populated\">\n\t\t\t\t\t\t<div class=\"elementor-element elementor-element-7b0a7dc2 elementor-widget elementor-widget-text-editor\" data-id=\"7b0a7dc2\" data-element_type=\"widget\" data-e-type=\"widget\" data-settings=\"{&quot;_animation&quot;:&quot;none&quot;}\" data-widget_type=\"text-editor.default\">\n\t\t\t\t<div class=\"elementor-widget-container\">\n\t\t\t\t\t\t\t\t\t<p><strong>Stredovek:<\/strong><\/p><p>Rybn\u00edk Biai m\u00e1 viac ako 1000-ro\u010dn\u00fa hist\u00f3riu. Jazero sa prv\u00fdkr\u00e1t spom\u00edna v listine z roku 1192, ktor\u00e1 v tom \u010dase niesla n\u00e1zov \u201eSceledtou\u201c, teda jazero Szel\u00edd. Na z\u00e1klade m\u00e1p sa jazero s men\u0161ou rozlohou ako dnes nach\u00e1dzalo pri obci.<\/p><p><strong>New Age:<\/strong><\/p><p>Jazero v 18. storo\u010d\u00ed fungovalo ako rybn\u00edk, ale v d\u00f4sledku regul\u00e1cie vody a zan\u00e1\u0161ania v 19. storo\u010d\u00ed sa vyu\u017e\u00edvalo ako pasienok. Cez takto vysu\u0161en\u00fa l\u00faku viedli dva kan\u00e1ly, ktor\u00e9 nazvali potoky K\u00edgy\u00f3s a B\u00e9k\u00e1s, ktor\u00e9 nap\u00e1jaj\u00fa chov r\u00fdb dodnes.<\/p><p><strong>XX. storo\u010d\u00ed<\/strong><\/p><p>Po prvej svetovej vojne Halbizom\u00e1nyi \u00e9s Hal\u00e9rt\u00e9kes\u00edt\u0151 Rt., zalo\u017een\u00e1 v roku 1922, prehradila \u00fadolie na mieste u\u017e vypusten\u00e9ho jazera Bia a vytvorila op\u00e4\u0165 umel\u00fd rybn\u00edk.<\/p><p>V roku 1945 po zn\u00e1rodnen\u00ed prevzal rybn\u00e9 hospod\u00e1rstvo Tatai Halgazdas\u00e1g a od roku 1968\n\u0160t\u00e1tny podnik Tata.<\/p><p>V 70. rokoch op\u00e4\u0165 nasledovalo bagrovanie a prestavba. V d\u00f4sledku nepretr\u017eit\u00e9ho prehradzovania sa jazero roz\u0161\u00edrilo o takmer 54 hekt\u00e1rov a stalo sa tak najv\u00e4\u010d\u0161ou farmou stojat\u00fdch r\u00fdb v povod\u00ed Zs\u00e1mb\u00e9ki. Vtedy vznikli s\u00fa\u010dasn\u00e9 hr\u00e1dze a stavidl\u00e1, ktor\u00e9 rozde\u013euj\u00fa s\u00fa\u010dasn\u00fa vodn\u00fa hmotu na 5 \u010dast\u00ed (- vznikli dne\u0161n\u00e9 jazer\u00e1 1, 2, 3, 4 a 5). V roku 1990 sa rybn\u00edky stali majetkom spolo\u010dnosti TEHAG zo Sz\u00e1hahalombatta.<\/p><p class=\"translation-block\">Po z\u00e1niku spolo\u010dnosti TEHAG spravuje jazern\u00fa jednotku okrem horn\u00e9ho jazera \u010d\u00edslo \u0161tyri BIA-TEHAG Kft., pod nov\u00fdm n\u00e1zvom BIAFISH Kft. Horn\u00e9 (27-hekt\u00e1rov\u00e9) jazero, zn\u00e1me ako Arizona Carp Lake , pon\u00faka mo\u017enosti rekre\u00e1cie pre t\u00fdch , ktor\u00ed chc\u00fa lovi\u0165 ve\u013ek\u00e9\nryby.<\/p><p>BIAFISH Kft. je vo vlastn\u00edctve druhej gener\u00e1cie rybochovnej rodiny, \u010do je z\u00e1rukou, \u017ee na jazer\u00e1ch bude v bud\u00facnosti prebieha\u0165 rozsiahla produkcia r\u00fdb v s\u00falade s pr\u00edrodou, ktor\u00e1 poskytuje pokojn\u00e9 prostredie pre tu \u017eij\u00facu faunu.<\/p><p>zdroj:<\/p><ul><li>biafutura.hu<\/li><li><a href=\"https:\/\/ertektar-biatorbagy.hu\/termeszeti-kornyezet\/halasto\/\">ertektar-biatorbagy.hu\/termeszeti-kornyezet\/halasto\/<\/a><\/li><\/ul>\t\t\t\t\t\t\t\t<\/div>\n\t\t\t\t<\/div>\n\t\t\t\t<div class=\"elementor-element elementor-element-a52d475 elementor-button-danger elementor-align-left elementor-widget elementor-widget-button\" data-id=\"a52d475\" data-element_type=\"widget\" data-e-type=\"widget\" data-settings=\"{&quot;_animation&quot;:&quot;none&quot;}\" data-widget_type=\"button.default\">\n\t\t\t\t<div class=\"elementor-widget-container\">\n\t\t\t\t\t\t\t\t\t<div class=\"elementor-button-wrapper\">\n\t\t\t\t\t<a class=\"elementor-button elementor-button-link elementor-size-md\" href=\"https:\/\/biafish.hu\/sk\/halaink\/\">\n\t\t\t\t\t\t<span class=\"elementor-button-content-wrapper\">\n\t\t\t\t\t\t\t\t\t<span class=\"elementor-button-text\">druhy r\u00fdb<\/span>\n\t\t\t\t\t<\/span>\n\t\t\t\t\t<\/a>\n\t\t\t\t<\/div>\n\t\t\t\t\t\t\t\t<\/div>\n\t\t\t\t<\/div>\n\t\t\t\t\t<\/div>\n\t\t<\/div>\n\t\t\t\t\t<\/div>\n\t\t<\/section>\n\t\t\t\t\t<\/div>\n\t\t<\/div>\n\t\t\t\t\t<\/div>\n\t\t<\/section>\n\t\t\t\t<section class=\"elementor-section elementor-top-section elementor-element elementor-element-60ae84a1 elementor-section-boxed elementor-section-height-default elementor-section-height-default\" data-id=\"60ae84a1\" data-element_type=\"section\" data-e-type=\"section\">\n\t\t\t\t\t\t<div class=\"elementor-container elementor-column-gap-default\">\n\t\t\t\t\t\t<\/div>\n\t\t<\/section>\n\t\t\t\t<section class=\"elementor-section elementor-top-section elementor-element elementor-element-b583018 elementor-section-boxed elementor-section-height-default elementor-section-height-default\" data-id=\"b583018\" data-element_type=\"section\" data-e-type=\"section\">\n\t\t\t\t\t\t<div class=\"elementor-container elementor-column-gap-default\">\n\t\t\t\t\t\t<\/div>\n\t\t<\/section>\n\t\t\t\t<\/div>","protected":false},"excerpt":{"rendered":"<p>A biatorb\u00e1gyi halastavak t\u00f6rt\u00e9nete K\u00f6z\u00e9pkor: A Biai Halast\u00f3 m\u00e1r t\u00f6bb mint 1000 \u00e9ves m\u00faltra tekint vissza. A tavat egy 1192-ben dat\u00e1lt oklev\u00e9lben eml\u00edtik el\u0151sz\u00f6r, mely ekkor a \u201eSceledtou\u201d, azaz Szel\u00edd-t\u00f3 nevet viselte. A t\u00e9rk\u00e9pek alapj\u00e1n a falu mellett a main\u00e1l kisebb ter\u00fclet\u0171 t\u00f3 helyezkedett el. \u00dajkor: A t\u00f3 a 18. sz\u00e1zadban halast\u00f3k\u00e9nt m\u0171k\u00f6d\u00f6tt, de a [&hellip;]<\/p>\n","protected":false},"author":1,"featured_media":0,"parent":0,"menu_order":0,"comment_status":"closed","ping_status":"closed","template":"","meta":{"footnotes":""},"class_list":["post-366","page","type-page","status-publish","hentry"],"yoast_head":"<!-- This site is optimized with the Yoast SEO Premium plugin v26.2 (Yoast SEO v27.5) - https:\/\/yoast.com\/product\/yoast-seo-premium-wordpress\/ -->\n<title>M\u00falt \u00e9s jelen -<\/title>\n<meta name=\"robots\" content=\"index, follow, max-snippet:-1, max-image-preview:large, max-video-preview:-1\" \/>\n<link rel=\"canonical\" href=\"https:\/\/biafish.hu\/sk\/mult-es-jelen\/\" \/>\n<meta property=\"og:locale\" content=\"sk_SK\" \/>\n<meta property=\"og:type\" content=\"article\" \/>\n<meta property=\"og:title\" content=\"M\u00falt \u00e9s jelen\" \/>\n<meta property=\"og:description\" content=\"A biatorb\u00e1gyi halastavak t\u00f6rt\u00e9nete K\u00f6z\u00e9pkor: A Biai Halast\u00f3 m\u00e1r t\u00f6bb mint 1000 \u00e9ves m\u00faltra tekint vissza. A tavat egy 1192-ben dat\u00e1lt oklev\u00e9lben eml\u00edtik el\u0151sz\u00f6r, mely ekkor a \u201eSceledtou\u201d, azaz Szel\u00edd-t\u00f3 nevet viselte. A t\u00e9rk\u00e9pek alapj\u00e1n a falu mellett a main\u00e1l kisebb ter\u00fclet\u0171 t\u00f3 helyezkedett el. \u00dajkor: A t\u00f3 a 18. sz\u00e1zadban halast\u00f3k\u00e9nt m\u0171k\u00f6d\u00f6tt, de a [&hellip;]\" \/>\n<meta property=\"og:url\" content=\"https:\/\/biafish.hu\/sk\/mult-es-jelen\/\" \/>\n<meta property=\"article:modified_time\" content=\"2023-02-14T10:54:01+00:00\" \/>\n<meta name=\"twitter:card\" content=\"summary_large_image\" \/>\n<meta name=\"twitter:label1\" content=\"Predpokladan\u00fd \u010das \u010d\u00edtania\" \/>\n\t<meta name=\"twitter:data1\" content=\"2 min\u00faty\" \/>\n<script type=\"application\/ld+json\" class=\"yoast-schema-graph\">{\"@context\":\"https:\\\/\\\/schema.org\",\"@graph\":[{\"@type\":\"WebPage\",\"@id\":\"https:\\\/\\\/biafish.hu\\\/mult-es-jelen\\\/\",\"url\":\"https:\\\/\\\/biafish.hu\\\/mult-es-jelen\\\/\",\"name\":\"M\u00falt \u00e9s jelen -\",\"isPartOf\":{\"@id\":\"https:\\\/\\\/biafish.hu\\\/#website\"},\"datePublished\":\"2023-02-09T14:06:56+00:00\",\"dateModified\":\"2023-02-14T10:54:01+00:00\",\"breadcrumb\":{\"@id\":\"https:\\\/\\\/biafish.hu\\\/mult-es-jelen\\\/#breadcrumb\"},\"inLanguage\":\"sk-SK\",\"potentialAction\":[{\"@type\":\"ReadAction\",\"target\":[\"https:\\\/\\\/biafish.hu\\\/mult-es-jelen\\\/\"]}]},{\"@type\":\"BreadcrumbList\",\"@id\":\"https:\\\/\\\/biafish.hu\\\/mult-es-jelen\\\/#breadcrumb\",\"itemListElement\":[{\"@type\":\"ListItem\",\"position\":1,\"name\":\"Home\",\"item\":\"https:\\\/\\\/biafish.hu\\\/\"},{\"@type\":\"ListItem\",\"position\":2,\"name\":\"M\u00falt \u00e9s jelen\"}]},{\"@type\":\"WebSite\",\"@id\":\"https:\\\/\\\/biafish.hu\\\/#website\",\"url\":\"https:\\\/\\\/biafish.hu\\\/\",\"name\":\"\",\"description\":\"\",\"potentialAction\":[{\"@type\":\"SearchAction\",\"target\":{\"@type\":\"EntryPoint\",\"urlTemplate\":\"https:\\\/\\\/biafish.hu\\\/?s={search_term_string}\"},\"query-input\":{\"@type\":\"PropertyValueSpecification\",\"valueRequired\":true,\"valueName\":\"search_term_string\"}}],\"inLanguage\":\"sk-SK\"}]}<\/script>\n<!-- \/ Yoast SEO Premium plugin. -->","yoast_head_json":{"title":"M\u00falt \u00e9s jelen -","robots":{"index":"index","follow":"follow","max-snippet":"max-snippet:-1","max-image-preview":"max-image-preview:large","max-video-preview":"max-video-preview:-1"},"canonical":"https:\/\/biafish.hu\/sk\/mult-es-jelen\/","og_locale":"sk_SK","og_type":"article","og_title":"M\u00falt \u00e9s jelen","og_description":"A biatorb\u00e1gyi halastavak t\u00f6rt\u00e9nete K\u00f6z\u00e9pkor: A Biai Halast\u00f3 m\u00e1r t\u00f6bb mint 1000 \u00e9ves m\u00faltra tekint vissza. A tavat egy 1192-ben dat\u00e1lt oklev\u00e9lben eml\u00edtik el\u0151sz\u00f6r, mely ekkor a \u201eSceledtou\u201d, azaz Szel\u00edd-t\u00f3 nevet viselte. A t\u00e9rk\u00e9pek alapj\u00e1n a falu mellett a main\u00e1l kisebb ter\u00fclet\u0171 t\u00f3 helyezkedett el. \u00dajkor: A t\u00f3 a 18. sz\u00e1zadban halast\u00f3k\u00e9nt m\u0171k\u00f6d\u00f6tt, de a [&hellip;]","og_url":"https:\/\/biafish.hu\/sk\/mult-es-jelen\/","article_modified_time":"2023-02-14T10:54:01+00:00","twitter_card":"summary_large_image","twitter_misc":{"Predpokladan\u00fd \u010das \u010d\u00edtania":"2 min\u00faty"},"schema":{"@context":"https:\/\/schema.org","@graph":[{"@type":"WebPage","@id":"https:\/\/biafish.hu\/mult-es-jelen\/","url":"https:\/\/biafish.hu\/mult-es-jelen\/","name":"M\u00falt \u00e9s jelen -","isPartOf":{"@id":"https:\/\/biafish.hu\/#website"},"datePublished":"2023-02-09T14:06:56+00:00","dateModified":"2023-02-14T10:54:01+00:00","breadcrumb":{"@id":"https:\/\/biafish.hu\/mult-es-jelen\/#breadcrumb"},"inLanguage":"sk-SK","potentialAction":[{"@type":"ReadAction","target":["https:\/\/biafish.hu\/mult-es-jelen\/"]}]},{"@type":"BreadcrumbList","@id":"https:\/\/biafish.hu\/mult-es-jelen\/#breadcrumb","itemListElement":[{"@type":"ListItem","position":1,"name":"Home","item":"https:\/\/biafish.hu\/"},{"@type":"ListItem","position":2,"name":"M\u00falt \u00e9s jelen"}]},{"@type":"WebSite","@id":"https:\/\/biafish.hu\/#website","url":"https:\/\/biafish.hu\/","name":"","description":"","potentialAction":[{"@type":"SearchAction","target":{"@type":"EntryPoint","urlTemplate":"https:\/\/biafish.hu\/?s={search_term_string}"},"query-input":{"@type":"PropertyValueSpecification","valueRequired":true,"valueName":"search_term_string"}}],"inLanguage":"sk-SK"}]}},"_links":{"self":[{"href":"https:\/\/biafish.hu\/sk\/wp-json\/wp\/v2\/pages\/366","targetHints":{"allow":["GET"]}}],"collection":[{"href":"https:\/\/biafish.hu\/sk\/wp-json\/wp\/v2\/pages"}],"about":[{"href":"https:\/\/biafish.hu\/sk\/wp-json\/wp\/v2\/types\/page"}],"author":[{"embeddable":true,"href":"https:\/\/biafish.hu\/sk\/wp-json\/wp\/v2\/users\/1"}],"replies":[{"embeddable":true,"href":"https:\/\/biafish.hu\/sk\/wp-json\/wp\/v2\/comments?post=366"}],"version-history":[{"count":0,"href":"https:\/\/biafish.hu\/sk\/wp-json\/wp\/v2\/pages\/366\/revisions"}],"wp:attachment":[{"href":"https:\/\/biafish.hu\/sk\/wp-json\/wp\/v2\/media?parent=366"}],"curies":[{"name":"wp","href":"https:\/\/api.w.org\/{rel}","templated":true}]}}